{"id":2750,"date":"2022-10-06T07:51:01","date_gmt":"2022-10-06T06:51:01","guid":{"rendered":"https:\/\/trisomytest.sk\/?page_id=2750"},"modified":"2023-01-20T10:46:38","modified_gmt":"2023-01-20T09:46:38","slug":"homepage","status":"publish","type":"page","link":"https:\/\/trisomytest.sk\/cs\/","title":{"rendered":"Homepage"},"content":{"rendered":"<section class=\"l-section wpb_row us_custom_c09ecb68 trisomy_header main height_medium\"><div class=\"l-section-h i-cf\"><div class=\"g-cols vc_row via_grid cols_1 laptops-cols_inherit tablets-cols_inherit mobiles-cols_1 valign_top type_default\"><div class=\"wpb_column vc_column_container\"><div class=\"vc_column-inner\"><div class=\"g-cols wpb_row us_custom_a2ebf4ae via_grid cols_2 laptops-cols_inherit tablets-cols_inherit mobiles-cols_1 valign_middle type_default\"><div class=\"wpb_column vc_column_container\"><div class=\"vc_column-inner\"><div class=\"wpb_text_column us_custom_3bbe74a9 has_text_color\"><div class=\"wpb_wrapper\"><p>Zdrav\u00ed plodu<br \/>\nnen\u00ed h\u00e1<span style=\"color: #e8657c;\">d<\/span>a<span style=\"color: #e8657c;\">n<\/span>k<span style=\"color: #e8657c;\">a<\/span><\/p>\n<\/div><\/div><div class=\"wpb_text_column us_custom_b8f4a1e8\"><div class=\"wpb_wrapper\"><p>TRISOMY testy jsou neinvazivn\u00ed, bezpe\u010dn\u00e9 a bezbolestn\u00e9 prenat\u00e1ln\u00ed vy\u0161et\u0159en\u00ed z krve t\u011bhotn\u00e9 \u017eeny, kter\u00e9 ji\u017e p\u0159ed koncem prvn\u00edho trimestru gravidity dok\u00e1\u017e\u00ed s vysokou pravd\u011bpodobnost\u00ed vylou\u010dit vybran\u00e9 chromozom\u00e1ln\u00ed poruchy plodu.<\/p>\n<\/div><\/div><div class=\"w-btn-wrapper align_none\"><a class=\"w-btn us-btn-style_1\" title=\"Jak prob\u00edh\u00e1 vy\u0161et\u0159en\u00ed\" href=\"\/cs\/jak-probiha-vysetreni\/\"><span class=\"w-btn-label\">V\u00cdCE O TRISOMY TESTECH<\/span><\/a><\/div><\/div><\/div><div class=\"wpb_column vc_column_container\"><div class=\"vc_column-inner\"><div class=\"w-image us_custom_f2d48bdd cover_img align_none\"><div class=\"w-image-h\"><img loading=\"lazy\" decoding=\"async\" width=\"500\" height=\"500\" src=\"https:\/\/trisomytest.sk\/wp-content\/uploads\/2022\/10\/Group-874-2.jpg\" class=\"attachment-full size-full\" alt=\"\" srcset=\"https:\/\/trisomytest.sk\/wp-content\/uploads\/2022\/10\/Group-874-2.jpg 500w, https:\/\/trisomytest.sk\/wp-content\/uploads\/2022\/10\/Group-874-2-300x300.jpg 300w, https:\/\/trisomytest.sk\/wp-content\/uploads\/2022\/10\/Group-874-2-150x150.jpg 150w\" sizes=\"auto, (max-width: 500px) 100vw, 500px\" \/><\/div><\/div><\/div><\/div><\/div><div class=\"w-image circle_left align_none\"><div class=\"w-image-h\"><img decoding=\"async\" src=\"https:\/\/trisomytest.sk\/wp-content\/uploads\/2022\/10\/Ellipse-1853.svg\" class=\"attachment-full size-full\" alt=\"\" \/><\/div><\/div><div class=\"w-image circle_mid align_none\"><div class=\"w-image-h\"><img decoding=\"async\" src=\"https:\/\/trisomytest.sk\/wp-content\/uploads\/2022\/10\/Ellipse-1854.svg\" class=\"attachment-full size-full\" alt=\"\" \/><\/div><\/div><div class=\"w-image circle_right align_none\"><div class=\"w-image-h\"><img decoding=\"async\" src=\"https:\/\/trisomytest.sk\/wp-content\/uploads\/2022\/10\/Ellipse-1853.svg\" class=\"attachment-full size-full\" alt=\"\" \/><\/div><\/div><div class=\"g-cols wpb_row us_custom_9c233580 trisomy_4column via_grid cols_4 laptops-cols_inherit tablets-cols_inherit mobiles-cols_1 valign_top type_default\"><div class=\"wpb_column vc_column_container\"><div class=\"vc_column-inner\"><div class=\"wpb_text_column gradient\"><div class=\"wpb_wrapper\"><p><strong>99,93<\/strong> %<\/p>\n<\/div><\/div><div class=\"wpb_text_column us_custom_685520e6\"><div class=\"wpb_wrapper\"><p>spolehlivost detekce nej\u010dast\u011bj\u0161\u00edch chromozom\u00e1ln\u00edch poruch plodu<\/p>\n<\/div><\/div><\/div><\/div><div class=\"wpb_column vc_column_container\"><div class=\"vc_column-inner\"><div class=\"wpb_text_column gradient\"><div class=\"wpb_wrapper\"><p><strong>10<\/strong> let<\/p>\n<\/div><\/div><div class=\"wpb_text_column us_custom_685520e6\"><div class=\"wpb_wrapper\"><p>v\u00fdvoje a zku\u0161enost\u00ed s testov\u00e1n\u00edm poruch plodu v r\u00e1mci prenat\u00e1ln\u00edho screeningu<\/p>\n<\/div><\/div><\/div><\/div><div class=\"wpb_column vc_column_container\"><div class=\"vc_column-inner\"><div class=\"wpb_text_column gradient\"><div class=\"wpb_wrapper\"><p><strong>30<\/strong> tis\u00edc<\/p>\n<\/div><\/div><div class=\"wpb_text_column us_custom_685520e6\"><div class=\"wpb_wrapper\"><p>vzork\u016f jsme vy\u0161et\u0159ili pomoc\u00ed TRISOMY test\u016f<\/p>\n<\/div><\/div><\/div><\/div><div class=\"wpb_column vc_column_container\"><div class=\"vc_column-inner\"><div class=\"wpb_text_column gradient\"><div class=\"wpb_wrapper\"><p><strong>7<\/strong> dn\u00ed<\/p>\n<\/div><\/div><div class=\"wpb_text_column us_custom_685520e6\"><div class=\"wpb_wrapper\"><p>trv\u00e1 v pr\u016fm\u011bru vy\u0161et\u0159en\u00ed v\u011bt\u0161iny vzork\u016f<\/p>\n<\/div><\/div><\/div><\/div><\/div><\/div><\/div><\/div><\/div><\/section><section class=\"l-section wpb_row height_medium\"><div class=\"l-section-h i-cf\"><div class=\"g-cols vc_row via_grid cols_1 laptops-cols_inherit tablets-cols_inherit mobiles-cols_1 valign_top type_default\"><div class=\"wpb_column vc_column_container\"><div class=\"vc_column-inner\"><div class=\"wpb_text_column us_custom_5abc1e00 us_animate_this\"><div class=\"wpb_wrapper\"><h2><strong>P\u0159ehled <\/strong>test\u016f<\/h2>\n<\/div><\/div><div class=\"wpb_text_column us_custom_78d0bd71 us_animate_this\"><div class=\"wpb_wrapper\"><p>Na\u0161e testy jsou certifikov\u00e1ny a prov\u00e1d\u011bny v modern\u00ed laborato\u0159\u00ed spole\u010dnosti SPADIA LAB, a.s.<\/p>\n<\/div><\/div><div class=\"g-cols wpb_row us_custom_8f2ba1f4 trisomy_color_columns us_animate_this via_grid cols_2 laptops-cols_inherit tablets-cols_inherit mobiles-cols_1 valign_top type_default\"><div class=\"wpb_column vc_column_container us_custom_786112cb has_bg_color\"><div class=\"vc_column-inner\"><div class=\"wpb_text_column us_custom_eaf48707 has_text_color\"><div class=\"wpb_wrapper\"><p><strong>TRISOMY <span style=\"color: #f96983;\">test<\/span><\/strong><\/p>\n<\/div><\/div><div class=\"wpb_text_column us_custom_5d12ad16\"><div class=\"wpb_wrapper\"><ul>\n<li>Down\u016fv syndrom (trizomie 21)<\/li>\n<li>Edwards\u016fv syndrom (trizomie 18)<\/li>\n<li>Patau\u016fv syndrom (trizomie 13)<\/li>\n<li>pravd\u011bpodobn\u00e9 pohlav\u00ed plodu<\/li>\n<\/ul>\n<\/div><\/div><div class=\"w-hwrapper us_custom_a370d403 align_none valign_middle\"><div class=\"w-btn-wrapper align_none\"><a class=\"w-btn us-btn-style_1\" href=\"\/cs\/trisomy-test\/\"><span class=\"w-btn-label\">v\u00edce<\/span><\/a><\/div><div class=\"wpb_text_column us_custom_ab561058 has_text_color\"><div class=\"wpb_wrapper\"><p><strong>8.800 K\u010d<\/strong><\/p>\n<\/div><\/div><\/div><\/div><\/div><div class=\"wpb_column vc_column_container us_custom_d170e262 purple has_bg_color\"><div class=\"vc_column-inner\"><div class=\"wpb_text_column us_custom_eaf48707 has_text_color\"><div class=\"wpb_wrapper\"><p><strong>TRISOMY <span style=\"color: #9a87a5;\">test xy<\/span><\/strong><\/p>\n<\/div><\/div><div class=\"wpb_text_column us_custom_5d12ad16\"><div class=\"wpb_wrapper\"><ul>\n<li>Down\u016fv syndrom (trizomie 21)<\/li>\n<li>Edwards\u016fv syndrom (trizomie 18)<\/li>\n<li>Patau\u016fv syndrom (trizomie 13)<br \/>\n+ aneuploidie pohlavn\u00edch chromozom\u016f X a Y<\/li>\n<li>pravd\u011bpodobn\u00e9 pohlav\u00ed plodu<\/li>\n<\/ul>\n<\/div><\/div><div class=\"w-hwrapper us_custom_a370d403 align_none valign_middle\"><div class=\"w-btn-wrapper align_none\"><a class=\"w-btn us-btn-style_1\" href=\"\/cs\/trisomy-test-xy\/\"><span class=\"w-btn-label\">v\u00edce<\/span><\/a><\/div><div class=\"wpb_text_column us_custom_ab561058 has_text_color\"><div class=\"wpb_wrapper\"><p><strong>9.800 K\u010d<\/strong><\/p>\n<\/div><\/div><\/div><\/div><\/div><\/div><div class=\"g-cols wpb_row us_custom_c2101b16 trisomy_color_columns us_animate_this via_grid cols_2 laptops-cols_inherit tablets-cols_inherit mobiles-cols_1 valign_top type_default\"><div class=\"wpb_column vc_column_container us_custom_bdb1b729 blue has_bg_color\"><div class=\"vc_column-inner\"><div class=\"wpb_text_column us_custom_eaf48707 has_text_color\"><div class=\"wpb_wrapper\"><p><strong>TRISOMY <span style=\"color: #5abbd1;\">test +<\/span><\/strong><\/p>\n<\/div><\/div><div class=\"wpb_text_column us_custom_5d12ad16\"><div class=\"wpb_wrapper\"><ul>\n<li>Down\u016fv syndrom (trizomie 21)<\/li>\n<li>Edwards\u016fv syndrom (trizomie 18)<\/li>\n<li>Patau\u016fv syndrom (trizomie 13)<br \/>\n+ aneuploidie pohlavn\u00edch chromozom\u016f X a Y<br \/>\n+ 5 dal\u0161\u00edch syndrom\u016f<\/li>\n<li>pravd\u011bpodobn\u00e9 pohlav\u00ed plodu<\/li>\n<\/ul>\n<\/div><\/div><div class=\"w-hwrapper us_custom_a370d403 align_none valign_middle\"><div class=\"w-btn-wrapper align_none\"><a class=\"w-btn us-btn-style_1\" href=\"\/cs\/trisomy-test-plus\/\"><span class=\"w-btn-label\">v\u00edce<\/span><\/a><\/div><div class=\"wpb_text_column us_custom_ab561058 has_text_color\"><div class=\"wpb_wrapper\"><p><strong>11.500 K\u010d<\/strong><\/p>\n<\/div><\/div><\/div><\/div><\/div><div class=\"wpb_column vc_column_container us_custom_aee6f2eb yellow has_bg_color\"><div class=\"vc_column-inner\"><div class=\"wpb_text_column us_custom_eaf48707 has_text_color\"><div class=\"wpb_wrapper\"><p><strong>TRISOMY <span style=\"color: #bfaf00;\">test Complete<\/span><\/strong><\/p>\n<\/div><\/div><div class=\"wpb_text_column us_custom_5d12ad16\"><div class=\"wpb_wrapper\"><ul>\n<li>screening v\u0161ech 23 p\u00e1r\u016f chromozom\u016f plodu<\/li>\n<li>nej\u010dast\u011bj\u0161\u00ed poruchy (Down\u016fv, Edwards\u016fv a Patau\u016fv syndrom)<\/li>\n<li>jin\u00e9 \u010dast\u00e9 i raritn\u00ed a doposud nezn\u00e1m\u00e9 chromozom\u00e1ln\u00ed poruchy<\/li>\n<li>pravd\u011bpodobn\u00e9 pohlav\u00ed plodu<\/li>\n<\/ul>\n<\/div><\/div><div class=\"w-hwrapper us_custom_a370d403 align_none valign_middle\"><div class=\"w-btn-wrapper align_none\"><a class=\"w-btn us-btn-style_1\" href=\"\/cs\/trisomy-test-complete\/\"><span class=\"w-btn-label\">v\u00edce<\/span><\/a><\/div><div class=\"wpb_text_column us_custom_ab561058 has_text_color\"><div class=\"wpb_wrapper\"><p><strong>13.500 K\u010d<\/strong><\/p>\n<\/div><\/div><\/div><\/div><\/div><\/div><\/div><\/div><\/div><\/div><\/section><section class=\"l-section wpb_row height_medium\"><div class=\"l-section-h i-cf\"><div class=\"g-cols vc_row via_grid cols_1 laptops-cols_inherit tablets-cols_inherit mobiles-cols_1 valign_top type_default\"><div class=\"wpb_column vc_column_container\"><div class=\"vc_column-inner\"><div class=\"wpb_text_column us_custom_5abc1e00 us_animate_this\"><div class=\"wpb_wrapper\"><h2>Pr\u016fb\u011bh vy\u0161et\u0159en\u00ed<\/h2>\n<\/div><\/div><div class=\"g-cols wpb_row us_custom_8f2ba1f4 trisomy_info_columns us_animate_this via_grid cols_3 laptops-cols_inherit tablets-cols_inherit mobiles-cols_1 valign_top type_default\"><div class=\"wpb_column vc_column_container\"><div class=\"vc_column-inner\"><div class=\"w-image us_custom_dcaab50c align_none\"><div class=\"w-image-h\"><img decoding=\"async\" src=\"https:\/\/trisomytest.sk\/wp-content\/uploads\/2022\/10\/Vector-23.svg\" class=\"attachment-full size-full\" alt=\"\" \/><\/div><\/div><div class=\"wpb_text_column us_custom_54b7070f\"><div class=\"wpb_wrapper\"><p><strong><span style=\"color: #e8657c;\">1.<\/span>\u00a0V\u00fdb\u011br l\u00e9ka\u0159e<\/strong><\/p>\n<\/div><\/div><div class=\"wpb_text_column us_custom_aeec4bb5\"><div class=\"wpb_wrapper\"><p>Nav\u0161tivte l\u00e9ka\u0159e ve sv\u00e9m okol\u00ed, kter\u00fd test nab\u00edz\u00ed, a ten V\u00e1m odebere vzorek krve. Informace o spolupracuj\u00edc\u00edch l\u00e9ka\u0159\u00edch lze z\u00edskat e-mailem na <a href=\"mailto:trisomytest@spadia.cz\">trisomytest@spadia.cz<\/a> nebo telefonicky na \u010d\u00edsle 739 680 722.<\/p>\n<\/div><\/div><\/div><\/div><div class=\"wpb_column vc_column_container\"><div class=\"vc_column-inner\"><div class=\"w-image us_custom_dcaab50c align_none\"><div class=\"w-image-h\"><img decoding=\"async\" src=\"https:\/\/trisomytest.sk\/wp-content\/uploads\/2022\/10\/Group-30.svg\" class=\"attachment-full size-full\" alt=\"\" \/><\/div><\/div><div class=\"wpb_text_column us_custom_54b7070f\"><div class=\"wpb_wrapper\"><p><strong><span style=\"color: #e8657c;\">2.<\/span>\u00a0N\u00e1v\u0161t\u011bva l\u00e9ka\u0159e a odb\u011br krve<\/strong><\/p>\n<\/div><\/div><div class=\"wpb_text_column us_custom_aeec4bb5\"><div class=\"wpb_wrapper\"><p>Vy\u0161etrenie sa naj\u010dastej\u0161ie vykon\u00e1va medzi 11. a 22. t\u00fd\u017ed\u0148om tehotenstva. V ambulancii v\u00e1m odober\u00fa vzorku krvi a po\u0161l\u00fa na anal\u00fdzu do laborat\u00f3ria.<\/p>\n<\/div><\/div><\/div><\/div><div class=\"wpb_column vc_column_container\"><div class=\"vc_column-inner\"><div class=\"w-image us_custom_dcaab50c align_none\"><div class=\"w-image-h\"><img decoding=\"async\" src=\"https:\/\/trisomytest.sk\/wp-content\/uploads\/2022\/10\/Group-31.svg\" class=\"attachment-full size-full\" alt=\"\" \/><\/div><\/div><div class=\"wpb_text_column us_custom_54b7070f\"><div class=\"wpb_wrapper\"><p><strong><span style=\"color: #e8657c;\">3.<\/span> Platba za test<\/strong><\/p>\n<\/div><\/div><div class=\"wpb_text_column us_custom_aeec4bb5\"><div class=\"wpb_wrapper\"><p>Po dohod\u011b s l\u00e9ka\u0159em m\u016f\u017eete za test zaplatit p\u0159\u00edmo v ambulanci, bankovn\u00edm p\u0159evodem nebo vkladem na \u00fa\u010det spole\u010dnosti SPADIA LAB, a.s.<\/p>\n<\/div><\/div><\/div><\/div><\/div><div class=\"g-cols wpb_row us_custom_8f2ba1f4 trisomy_info_columns last us_animate_this via_grid cols_3 laptops-cols_inherit tablets-cols_inherit mobiles-cols_1 valign_top type_default\"><div class=\"wpb_column vc_column_container\"><div class=\"vc_column-inner\"><div class=\"w-image us_custom_dcaab50c align_none\"><div class=\"w-image-h\"><img decoding=\"async\" src=\"https:\/\/trisomytest.sk\/wp-content\/uploads\/2022\/11\/Group-41.svg\" class=\"attachment-full size-full\" alt=\"\" \/><\/div><\/div><div class=\"wpb_text_column us_custom_54b7070f\"><div class=\"wpb_wrapper\"><p><strong><span style=\"color: #e8657c;\">4.<\/span>\u00a0Anal\u00fdza vzorku krve<\/strong><\/p>\n<\/div><\/div><div class=\"wpb_text_column us_custom_aeec4bb5\"><div class=\"wpb_wrapper\"><p>Vzorek krve se analyzuje speci\u00e1ln\u00ed metodou.<\/p>\n<\/div><\/div><\/div><\/div><div class=\"wpb_column vc_column_container\"><div class=\"vc_column-inner\"><div class=\"w-image us_custom_dcaab50c align_none\"><div class=\"w-image-h\"><img decoding=\"async\" src=\"https:\/\/trisomytest.sk\/wp-content\/uploads\/2022\/11\/Group-42.svg\" class=\"attachment-full size-full\" alt=\"\" \/><\/div><\/div><div class=\"wpb_text_column us_custom_54b7070f\"><div class=\"wpb_wrapper\"><p><strong><span style=\"color: #e8657c;\">5.<\/span> V\u00fdsledky a interpretace<\/strong><\/p>\n<\/div><\/div><div class=\"wpb_text_column us_custom_aeec4bb5\"><div class=\"wpb_wrapper\"><p>V\u00fdsledky ode\u0161le laborato\u0159 o\u0161et\u0159uj\u00edc\u00edmu l\u00e9ka\u0159i zpravidla do 7 nebo 10 (dle varianty testu) pracovn\u00edch dn\u00ed. Lh\u016fta se po\u010d\u00edt\u00e1 ode dne n\u00e1sleduj\u00edc\u00edho po doru\u010den\u00ed vzorku do laborato\u0159e nebo n\u00e1sleduj\u00edc\u00edho dne po identifikaci platby za test (podle toho co nastane pozd\u011bji). V\u00fdsledky testu V\u00e1m interpretuje V\u00e1\u0161 l\u00e9ka\u0159.<\/p>\n<\/div><\/div><\/div><\/div><div class=\"wpb_column vc_column_container\"><div class=\"vc_column-inner\"><\/div><\/div><\/div><div class=\"w-btn-wrapper align_center\"><a class=\"w-btn us-btn-style_2\" title=\"Jak prob\u00edh\u00e1 vy\u0161et\u0159en\u00ed\" href=\"\/cs\/jak-probiha-vysetreni\/\"><span class=\"w-btn-label\">CEL\u00dd PR\u016eB\u011aH VY\u0160ET\u0158EN\u00cd<\/span><\/a><\/div><\/div><\/div><\/div><\/div><\/section><section class=\"l-section wpb_row us_custom_c09ecb68 height_medium\"><div class=\"l-section-h i-cf\"><div class=\"g-cols vc_row via_grid cols_1 laptops-cols_inherit tablets-cols_inherit mobiles-cols_1 valign_top type_default\"><div class=\"wpb_column vc_column_container\"><div class=\"vc_column-inner\"><div class=\"wpb_text_column us_custom_5abc1e00 us_animate_this\"><div class=\"wpb_wrapper\"><h2>Nej\u010dast\u011bj\u0161\u00ed <strong>ot\u00e1zky<\/strong><\/h2>\n<\/div><\/div><div class=\"wpb_text_column us_custom_2b07a26b\"><div class=\"wpb_wrapper\"><p>Nena\u0161li jste vhodnou odpov\u011b\u010f na va\u0161i ot\u00e1zku? Napi\u0161te n\u00e1m na <a href=\"mailto:trisomytest@spadia.cz\">trisomytest@spadia.cz<\/a><\/p>\n<\/div><\/div><div class=\"w-tabs us_custom_d79f1260 trisomy_faq style_default switch_click accordion has_scrolling\" style=\"--sections-title-size:inherit\"><div class=\"w-tabs-sections titles-align_none icon_chevron cpos_right\"><div class=\"w-tabs-section\" id=\"d776\"><button aria-controls=\"content-d776\" class=\"w-tabs-section-header\"><div class=\"w-tabs-section-title\">Co v\u0161echno dok\u00e1\u017ee odhalit TRISOMY test? A jak je spolehliv\u00fd?<\/div><div class=\"w-tabs-section-control\"><\/div><\/button><div  class=\"w-tabs-section-content\" id=\"content-d776\" aria-expanded=\"false\"><div class=\"w-tabs-section-content-h i-cf\"><div class=\"wpb_text_column us_custom_aeec4bb5\"><div class=\"wpb_wrapper\"><p>TRISOMY test dok\u00e1\u017ee s 99,9% pravd\u011bpodobnost\u00ed vylou\u010dit p\u0159\u00edtomnost trizomie chromozom\u016f plodu 21, 18 a 13, co\u017e jsou ozna\u010den\u00ed pro Down\u016fv, Patau\u016fv a Edwards\u016fv syndrom. Test dosahuje senzitivitu v\u00edce ne\u017e 99%. Jde o neinvazivn\u00ed, bezpe\u010dn\u00fd a bezbolestn\u00fd zp\u016fsob vy\u0161et\u0159en\u00ed pouze z krve matky u\u017e od 12. t\u00fddne t\u011bhotenstv\u00ed. Na p\u0159\u00e1n\u00ed nast\u00e1vaj\u00edc\u00ed maminky odhal\u00ed informativn\u011b i pohlav\u00ed plodu.<\/p>\n<\/div><\/div><\/div><\/div><\/div><div class=\"w-tabs-section\" id=\"v91b\"><button aria-controls=\"content-v91b\" class=\"w-tabs-section-header\"><div class=\"w-tabs-section-title\">Mus\u00edm m\u00edt doporu\u010den\u00ed od gynekologa, pokud chci absolvovat TRISOMY test?<\/div><div class=\"w-tabs-section-control\"><\/div><\/button><div  class=\"w-tabs-section-content\" id=\"content-v91b\" aria-expanded=\"false\"><div class=\"w-tabs-section-content-h i-cf\"><div class=\"wpb_text_column us_custom_aeec4bb5\"><div class=\"wpb_wrapper\"><p>Ano, test V\u00e1m m\u016f\u017ee indikovat pouze l\u00e9ka\u0159 gynekolog nebo genetik, kter\u00fd zajist\u00ed tak\u00e9 odb\u011br krve. On zn\u00e1 nejl\u00e9pe V\u00e1\u0161 zdravotn\u00ed stav a tak\u00e9 dok\u00e1\u017ee nejl\u00e9pe interpretovat v\u00fdsledky testu.<\/p>\n<\/div><\/div><\/div><\/div><\/div><div class=\"w-tabs-section\" id=\"wa73\"><button aria-controls=\"content-wa73\" class=\"w-tabs-section-header\"><div class=\"w-tabs-section-title\">Chci si nechat ud\u011blat TRISOMY test. Zaj\u00edm\u00e1 m\u011b, jestli na odb\u011br krve mus\u00edm p\u0159ij\u00edt nala\u010dno?<\/div><div class=\"w-tabs-section-control\"><\/div><\/button><div  class=\"w-tabs-section-content\" id=\"content-wa73\" aria-expanded=\"false\"><div class=\"w-tabs-section-content-h i-cf\"><div class=\"wpb_text_column us_custom_aeec4bb5\"><div class=\"wpb_wrapper\"><p>Na odb\u011br krve nemus\u00ed p\u0159ij\u00edt pacientka nala\u010dno. V\u00edce informac\u00ed\u00a0zde.<\/p>\n<\/div><\/div><\/div><\/div><\/div><\/div><\/div><div class=\"w-btn-wrapper align_center\"><a class=\"w-btn us-btn-style_2\" title=\"Ot\u00e1zky a odpov\u011bdi\" href=\"\/cs\/otazky-a-odpovedi\/\"><span class=\"w-btn-label\">Dal\u0161\u00ed ot\u00e1zky a odpov\u011bdi<\/span><\/a><\/div><\/div><\/div><\/div><\/div><\/section><section class=\"l-section wpb_row us_custom_19737bc8 height_medium width_full\"><div class=\"l-section-h i-cf\"><div class=\"g-cols vc_row via_grid cols_1 laptops-cols_inherit tablets-cols_inherit mobiles-cols_1 valign_top type_default\"><div class=\"wpb_column vc_column_container\"><div class=\"vc_column-inner\"><div class=\"wpb_text_column us_custom_fd29c272 us_animate_this\"><div class=\"wpb_wrapper\"><h2><strong>Kam<\/strong> na vy\u0161et\u0159en\u00ed<\/h2>\n<\/div><\/div><div class=\"wpb_text_column us_custom_4511894c us_animate_this\"><div class=\"wpb_wrapper\"><p>Informace o spolupracuj\u00edc\u00edch l\u00e9ka\u0159\u00edch lze z\u00edskat e-mailem na <a href=\"mailto:trisomytest@spadia.cz\">trisomytest@spadia.cz<\/a> nebo telefonicky na \u010d\u00edsle 558 900 315 nebo 739 680 722 (pond\u011bl\u00ed a\u017e p\u00e1tek 7-15 hodin)<\/p>\n<\/div><\/div><\/div><\/div><\/div><\/div><\/section><section class=\"l-section wpb_row us_custom_f467904c us_animate_this height_medium\"><div class=\"l-section-h i-cf\"><div class=\"g-cols vc_row via_grid cols_1 laptops-cols_inherit tablets-cols_inherit mobiles-cols_1 valign_top type_default\"><div class=\"wpb_column vc_column_container\"><div class=\"vc_column-inner\"><div id=\"ult-carousel-418044500269f376d577c54\" class=\"ult-carousel-wrapper  trisomy_slider ult_horizontal\" data-gutter=\"15\" data-rtl=\"false\" ><div class=\"ult-carousel-257536880369f376d577c09 \" ><div class=\"ult-item-wrap\" data-animation=\"animated no-animation\"><div class=\"g-cols wpb_row us_custom_4f953b7d via_grid cols_1 laptops-cols_inherit tablets-cols_inherit mobiles-cols_1 valign_middle type_default\" style=\"grid-gap:0;\"><div class=\"ult-item-wrap\" data-animation=\"animated no-animation\"><div class=\"wpb_column vc_column_container\"><div class=\"vc_column-inner\"><div class=\"ult-item-wrap\" data-animation=\"animated no-animation\"><div class=\"wpb_text_column us_custom_791120d4\"><div class=\"wpb_wrapper\"><p>\u201cTento test vylou\u010dil obavy, kter\u00e9 jsem ze za\u010d\u00e1tku m\u011bla. Proto ho doporu\u010duji v\u0161em t\u011bhotn\u00fdm. V\u011b\u0159\u00edm, \u017ee kdy\u017e je \u017eena klidn\u00e1, tak se to p\u0159en\u00e1\u0161\u00ed i na miminko.\u201d<\/p>\n<\/div><\/div><\/div><div class=\"ult-item-wrap\" data-animation=\"animated no-animation\"><div class=\"w-text us_custom_791120d4 link\"><a target=\"_blank\" href=\"\/trisomy-test-predstavuje-buducnost-modernej-mediciny\/\" rel=\"noopener\" class=\"w-text-h\"><span class=\"w-text-value\">v\u00edce<\/span><\/a><\/div><\/div><div class=\"ult-item-wrap\" data-animation=\"animated no-animation\"><div class=\"wpb_text_column us_custom_cbdaba10 has_text_color\"><div class=\"wpb_wrapper\"><p>Jasmina Alagi\u010d, 32 r.<\/p>\n<\/div><\/div><\/div><\/div><\/div><\/div><\/div><\/div><\/div><\/div>\t\t\t<script type=\"text\/javascript\">\r\n\t\t\t\tjQuery(document).ready(function ($) {\r\n\t\t\t\t\tif( typeof jQuery('.ult-carousel-257536880369f376d577c09').slick == \"function\"){\r\n\t\t\t\t\t\t$('.ult-carousel-257536880369f376d577c09').slick({dots: true,autoplay: true,autoplaySpeed: 5000,speed: 300,infinite: true,arrows: true,nextArrow: '<button type=\"button\" role=\"button\" aria-label=\"Next\" style=\"color:#433249; font-size:11px;background:#faf1ed;\" class=\"slick-next circle-bg\"><i class=\"ultsl-arrow-right6\"><\/i><\/button>',prevArrow: '<button type=\"button\" role=\"button\" aria-label=\"Previous\" style=\"color:#433249; font-size:11px;background:#faf1ed;\" class=\"slick-prev circle-bg\"><i class=\"ultsl-arrow-left6\"><\/i><\/button>',slidesToScroll:1,slidesToShow:1,swipe: true,draggable: true,touchMove: true,pauseOnHover: true,pauseOnFocus: false,responsive: [\r\n\t\t\t\t\t\t\t{\r\n\t\t\t\t\t\t\t  breakpoint: 1026,\r\n\t\t\t\t\t\t\t  settings: {\r\n\t\t\t\t\t\t\t\tslidesToShow: 1,\r\n\t\t\t\t\t\t\t\tslidesToScroll: 1,  \r\n\t\t\t\t\t\t\t  }\r\n\t\t\t\t\t\t\t},\r\n\t\t\t\t\t\t\t{\r\n\t\t\t\t\t\t\t  breakpoint: 1025,\r\n\t\t\t\t\t\t\t  settings: {\r\n\t\t\t\t\t\t\t\tslidesToShow: 1,\r\n\t\t\t\t\t\t\t\tslidesToScroll: 1\r\n\t\t\t\t\t\t\t  }\r\n\t\t\t\t\t\t\t},\r\n\t\t\t\t\t\t\t{\r\n\t\t\t\t\t\t\t  breakpoint: 760,\r\n\t\t\t\t\t\t\t  settings: {\r\n\t\t\t\t\t\t\t\tslidesToShow: 1,\r\n\t\t\t\t\t\t\t\tslidesToScroll: 1\r\n\t\t\t\t\t\t\t  }\r\n\t\t\t\t\t\t\t}\r\n\t\t\t\t\t\t],pauseOnDotsHover: true,customPaging: function(slider, i) {\r\n                   return '<i type=\"button\" style= \"color:#333333;\" class=\"ultsl-stop\" data-role=\"none\"><\/i>';\r\n                },});\r\n\t\t\t\t\t}\r\n\t\t\t\t});\r\n\t\t\t<\/script>\r\n\t\t\t<\/div><\/div><\/div><\/div><\/section>\n","protected":false},"excerpt":{"rendered":"Zdrav\u00ed plodu nen\u00ed h\u00e1danka TRISOMY testy jsou neinvazivn\u00ed, bezpe\u010dn\u00e9 a bezbolestn\u00e9 prenat\u00e1ln\u00ed vy\u0161et\u0159en\u00ed z krve t\u011bhotn\u00e9 \u017eeny, kter\u00e9 ji\u017e p\u0159ed koncem prvn\u00edho trimestru gravidity dok\u00e1\u017e\u00ed s vysokou pravd\u011bpodobnost\u00ed vylou\u010dit vybran\u00e9 chromozom\u00e1ln\u00ed poruchy plodu. V\u00cdCE O TRISOMY TESTECH99,93 % spolehlivost detekce nej\u010dast\u011bj\u0161\u00edch chromozom\u00e1ln\u00edch poruch plodu 10 let v\u00fdvoje a zku\u0161enost\u00ed s testov\u00e1n\u00edm poruch plodu v r\u00e1mci...","protected":false},"author":1,"featured_media":0,"parent":0,"menu_order":0,"comment_status":"closed","ping_status":"closed","template":"","meta":{"inline_featured_image":false,"footnotes":""},"class_list":["post-2750","page","type-page","status-publish","hentry"],"acf":[],"_links":{"self":[{"href":"https:\/\/trisomytest.sk\/cs\/wp-json\/wp\/v2\/pages\/2750","targetHints":{"allow":["GET"]}}],"collection":[{"href":"https:\/\/trisomytest.sk\/cs\/wp-json\/wp\/v2\/pages"}],"about":[{"href":"https:\/\/trisomytest.sk\/cs\/wp-json\/wp\/v2\/types\/page"}],"author":[{"embeddable":true,"href":"https:\/\/trisomytest.sk\/cs\/wp-json\/wp\/v2\/users\/1"}],"replies":[{"embeddable":true,"href":"https:\/\/trisomytest.sk\/cs\/wp-json\/wp\/v2\/comments?post=2750"}],"version-history":[{"count":0,"href":"https:\/\/trisomytest.sk\/cs\/wp-json\/wp\/v2\/pages\/2750\/revisions"}],"wp:attachment":[{"href":"https:\/\/trisomytest.sk\/cs\/wp-json\/wp\/v2\/media?parent=2750"}],"curies":[{"name":"wp","href":"https:\/\/api.w.org\/{rel}","templated":true}]}}