{"id":2757,"date":"2023-01-20T10:33:20","date_gmt":"2023-01-20T09:33:20","guid":{"rendered":"https:\/\/trisomytest.sk\/?page_id=2757"},"modified":"2023-01-20T11:06:23","modified_gmt":"2023-01-20T10:06:23","slug":"trisomy-test","status":"publish","type":"page","link":"https:\/\/trisomytest.sk\/cs\/trisomy-test\/","title":{"rendered":"Trisomy test"},"content":{"rendered":"<section class=\"l-section wpb_row us_custom_c09b9791 trisomy_header_subpage height_medium\"><div class=\"l-section-h i-cf\"><div class=\"g-cols vc_row via_grid cols_1 laptops-cols_inherit tablets-cols_inherit mobiles-cols_1 valign_top type_default\"><div class=\"wpb_column vc_column_container\"><div class=\"vc_column-inner\"><div class=\"wpb_text_column us_custom_ddb373d6 has_text_color us_animate_this\"><div class=\"wpb_wrapper\"><p>TRISOMY <strong style=\"color: #e8657c;\">test<\/strong><\/p>\n<\/div><\/div><div class=\"w-image circle_left align_none\"><div class=\"w-image-h\"><img decoding=\"async\" src=\"https:\/\/trisomytest.sk\/wp-content\/uploads\/2022\/10\/Ellipse-1853.svg\" class=\"attachment-full size-full\" alt=\"\" \/><\/div><\/div><div class=\"w-image circle_mid align_none\"><div class=\"w-image-h\"><img decoding=\"async\" src=\"https:\/\/trisomytest.sk\/wp-content\/uploads\/2022\/10\/Ellipse-1854.svg\" class=\"attachment-full size-full\" alt=\"\" \/><\/div><\/div><div class=\"w-image circle_right align_none\"><div class=\"w-image-h\"><img decoding=\"async\" src=\"https:\/\/trisomytest.sk\/wp-content\/uploads\/2022\/10\/Ellipse-1853.svg\" class=\"attachment-full size-full\" alt=\"\" \/><\/div><\/div><\/div><\/div><\/div><\/div><\/section><section class=\"l-section wpb_row height_medium\"><div class=\"l-section-h i-cf\"><div class=\"g-cols vc_row via_grid cols_1 laptops-cols_inherit tablets-cols_inherit mobiles-cols_1 valign_top type_default\"><div class=\"wpb_column vc_column_container\"><div class=\"vc_column-inner\"><div class=\"g-cols wpb_row us_custom_090e1555 via_grid cols_2-1 laptops-cols_inherit tablets-cols_inherit mobiles-cols_1 valign_top type_default\"><div class=\"wpb_column vc_column_container\"><div class=\"vc_column-inner\"><div class=\"wpb_text_column us_custom_8ba52b53 us_animate_this\"><div class=\"wpb_wrapper\"><h3>O testu<\/h3>\n<\/div><\/div><div class=\"wpb_text_column us_custom_c18ef418 us_animate_this\"><div class=\"wpb_wrapper\"><p><strong style=\"color: #e8657c;\">TRISOMY test<\/strong> je neinvazivn\u00ed, bezpe\u010dn\u00e9 a bezbolestn\u00e9 screeningov\u00e9 vy\u0161et\u0159en\u00ed z krve matky, kter\u00e9 dok\u00e1\u017ee s vysokou p\u0159esnost\u00ed vylou\u010dit p\u0159\u00edtomnost chromozom\u00e1ln\u00edch poruch plodu u\u017e od 12. t\u00fddne gravidity. V p\u0159\u00edpad\u011b z\u00e1jmu je mo\u017en\u00e9 zjistit tak\u00e9 pohlav\u00ed plodu. P\u0159ed objedn\u00e1n\u00edm testu je nezbytn\u00e9 se sezn\u00e1mit s aktu\u00e1ln\u00edm <span style=\"text-decoration: underline;\"><a style=\"color: #53516a; text-decoration: underline;\" href=\"https:\/\/trisomytest.sk\/cs\/pouceni-o-genetickem-laboratornim-vysetreni\/\">Pou\u010den\u00edm o genetick\u00e9m laboratorn\u00edm vy\u0161et\u0159en\u00ed<\/a><\/span>.<\/p>\n<\/div><\/div><\/div><\/div><div class=\"wpb_column vc_column_container\"><div class=\"vc_column-inner\"><div class=\"w-image us_custom_8f2ba1f4 shadowed_img us_animate_this align_right\"><div class=\"w-image-h\"><img decoding=\"async\" src=\"https:\/\/trisomytest.sk\/wp-content\/uploads\/2022\/10\/Group-368.svg\" class=\"attachment-full size-full\" alt=\"\" \/><\/div><\/div><\/div><\/div><\/div><div class=\"wpb_text_column us_custom_58591593 has_text_color us_animate_this\"><div class=\"wpb_wrapper\"><p>Co odhal\u00ed?<\/p>\n<\/div><\/div><div class=\"g-cols wpb_row us_custom_8f2ba1f4 trisomy_detail_columns pinky us_animate_this via_grid cols_3 laptops-cols_inherit tablets-cols_inherit mobiles-cols_1 valign_top type_default\"><div class=\"wpb_column vc_column_container\"><div class=\"vc_column-inner\"><div class=\"wpb_text_column\"><div class=\"wpb_wrapper\"><p>Vylou\u010d\u00ed* \u010dast\u00e9 poruchy po\u010dtu chromozom\u016f plodu 21, 18 a 13 (p\u0159\u00ed\u010dina Downova, Edwardsova a Patauova syndromu).<\/p>\n<\/div><\/div><\/div><\/div><div class=\"wpb_column vc_column_container\"><div class=\"vc_column-inner\"><div class=\"wpb_text_column\"><div class=\"wpb_wrapper\"><p>Odhal\u00ed p\u0159\u00edpadn\u00e9 fale\u0161n\u011b pozitivn\u00ed v\u00fdsledky biochemick\u00e9ho prenat\u00e1ln\u00edho screeningu.<\/p>\n<\/div><\/div><\/div><\/div><div class=\"wpb_column vc_column_container\"><div class=\"vc_column-inner\"><div class=\"wpb_text_column\"><div class=\"wpb_wrapper\"><p>Minimalizuje nutnost absolvovat amniocent\u00e9zu (invazivn\u00ed odb\u011br plodov\u00e9 vody).<\/p>\n<\/div><\/div><\/div><\/div><\/div><div class=\"g-cols wpb_row us_custom_8f2ba1f4 trisomy_detail_columns last pinky us_animate_this via_grid cols_3 laptops-cols_inherit tablets-cols_inherit mobiles-cols_1 valign_top type_default\"><div class=\"wpb_column vc_column_container trisomy_info_columns\"><div class=\"vc_column-inner\"><div class=\"wpb_text_column\"><div class=\"wpb_wrapper\"><div class=\"withinfo\">\n<p>Ur\u010d\u00ed** pohlav\u00ed plodu, v p\u0159\u00edpad\u011b z\u00e1jmu (od ukon\u010den\u00e9ho 12. t\u00fddne t\u011bhotenstv\u00ed)..<\/p>\n<div class=\"additional_info\">\n<div class=\"infobox\">\n<div class=\"content\">* s pravd\u011bpodobnost\u00ed 99,93 %, ** s pravd\u011bpodobnost\u00ed 99 %<\/div>\n<\/div>\n<\/div>\n<\/div>\n<\/div><\/div><\/div><\/div><div class=\"wpb_column vc_column_container\"><div class=\"vc_column-inner\"><\/div><\/div><div class=\"wpb_column vc_column_container\"><div class=\"vc_column-inner\"><\/div><\/div><\/div><\/div><\/div><\/div><\/div><\/section><section class=\"l-section wpb_row us_custom_a2ebf4ae height_medium\"><div class=\"l-section-h i-cf\"><div class=\"g-cols vc_row via_grid cols_1 laptops-cols_inherit tablets-cols_inherit mobiles-cols_1 valign_top type_default\"><div class=\"wpb_column vc_column_container\"><div class=\"vc_column-inner\"><div class=\"w-image us_custom_c4768c53 us_animate_this align_center\"><div class=\"w-image-h\"><img loading=\"lazy\" decoding=\"async\" width=\"1160\" height=\"491\" src=\"https:\/\/trisomytest.sk\/wp-content\/uploads\/2022\/10\/DSC_0791-2.jpg\" class=\"attachment-full size-full\" alt=\"\" srcset=\"https:\/\/trisomytest.sk\/wp-content\/uploads\/2022\/10\/DSC_0791-2.jpg 1160w, https:\/\/trisomytest.sk\/wp-content\/uploads\/2022\/10\/DSC_0791-2-300x127.jpg 300w, https:\/\/trisomytest.sk\/wp-content\/uploads\/2022\/10\/DSC_0791-2-1024x433.jpg 1024w\" sizes=\"auto, (max-width: 1160px) 100vw, 1160px\" \/><\/div><\/div><\/div><\/div><\/div><\/div><\/section><section class=\"l-section wpb_row us_custom_ae6a3427 height_medium\"><div class=\"l-section-h i-cf\"><div class=\"g-cols vc_row via_grid cols_1 laptops-cols_inherit tablets-cols_inherit mobiles-cols_1 valign_top type_default\"><div class=\"wpb_column vc_column_container\"><div class=\"vc_column-inner\"><div class=\"wpb_text_column us_custom_5c2354b1 has_text_color us_animate_this\"><div class=\"wpb_wrapper\"><p><strong>TRISOMY <span style=\"color: #e8657c;\">test<\/span><\/strong> m\u016f\u017ee absolvovat t\u011bhotn\u00e1 \u017eena na vlastn\u00ed \u017e\u00e1dost a po konzultaci l\u00e9ka\u0159em. Je vhodn\u00fd pro ka\u017edou \u017eenu od ukon\u010den\u00e9ho 11. t\u00fddne t\u011bhotenstv\u00ed, pokud:<\/p>\n<\/div><\/div><div id=\"ult-carousel-249213688469f87de6a7b61\" class=\"ult-carousel-wrapper  trisomy_about_slider ult_horizontal\" data-gutter=\"15\" data-rtl=\"false\" ><div class=\"ult-carousel-136011654669f87de6a7b09 \" ><div class=\"ult-item-wrap\" data-animation=\"animated no-animation\"><div class=\"wpb_text_column\"><div class=\"wpb_wrapper\"><p>m\u00e1 zv\u00fd\u0161en\u00e9 obavy z mo\u017en\u00e9ho posti\u017een\u00ed plodu n\u011bkterou z vy\u0161et\u0159ovan\u00fdch trizomi\u00ed;<\/p>\n<\/div><\/div><\/div><div class=\"ult-item-wrap\" data-animation=\"animated no-animation\"><div class=\"wpb_text_column\"><div class=\"wpb_wrapper\"><p>ot\u011bhotn\u011bla po um\u011bl\u00e9m oplodn\u011bn\u00ed;<\/p>\n<\/div><\/div><\/div><div class=\"ult-item-wrap\" data-animation=\"animated no-animation\"><div class=\"wpb_text_column\"><div class=\"wpb_wrapper\"><p>m\u011bla hrani\u010dn\u00ed v\u00fdsledek screeningu a je vhodn\u00e9 jej ov\u011b\u0159it dal\u0161\u00edm vy\u0161et\u0159en\u00edm;<\/p>\n<\/div><\/div><\/div><div class=\"ult-item-wrap\" data-animation=\"animated no-animation\"><div class=\"wpb_text_column\"><div class=\"wpb_wrapper\"><p>prod\u011blala opakovan\u00e9 spont\u00e1nn\u00ed potraty.<\/p>\n<\/div><\/div><\/div><\/div><\/div>\t\t\t<script type=\"text\/javascript\">\r\n\t\t\t\tjQuery(document).ready(function ($) {\r\n\t\t\t\t\tif( typeof jQuery('.ult-carousel-136011654669f87de6a7b09').slick == \"function\"){\r\n\t\t\t\t\t\t$('.ult-carousel-136011654669f87de6a7b09').slick({dots: false,autoplaySpeed: 5000,speed: 300,infinite: false,arrows: true,nextArrow: '<button type=\"button\" role=\"button\" aria-label=\"Next\" style=\"color:#333333; font-size:20px;background:;\" class=\"slick-next circle-bg\"><i class=\"ultsl-arrow-right4\"><\/i><\/button>',prevArrow: '<button type=\"button\" role=\"button\" aria-label=\"Previous\" style=\"color:#333333; font-size:20px;background:;\" class=\"slick-prev circle-bg\"><i class=\"ultsl-arrow-left4\"><\/i><\/button>',slidesToScroll:1,slidesToShow:3,swipe: true,draggable: true,touchMove: true,pauseOnHover: true,pauseOnFocus: false,responsive: [\r\n\t\t\t\t\t\t\t{\r\n\t\t\t\t\t\t\t  breakpoint: 1026,\r\n\t\t\t\t\t\t\t  settings: {\r\n\t\t\t\t\t\t\t\tslidesToShow: 3,\r\n\t\t\t\t\t\t\t\tslidesToScroll: 1,  \r\n\t\t\t\t\t\t\t  }\r\n\t\t\t\t\t\t\t},\r\n\t\t\t\t\t\t\t{\r\n\t\t\t\t\t\t\t  breakpoint: 1025,\r\n\t\t\t\t\t\t\t  settings: {\r\n\t\t\t\t\t\t\t\tslidesToShow: 3,\r\n\t\t\t\t\t\t\t\tslidesToScroll: 1\r\n\t\t\t\t\t\t\t  }\r\n\t\t\t\t\t\t\t},\r\n\t\t\t\t\t\t\t{\r\n\t\t\t\t\t\t\t  breakpoint: 760,\r\n\t\t\t\t\t\t\t  settings: {\r\n\t\t\t\t\t\t\t\tslidesToShow: 1,\r\n\t\t\t\t\t\t\t\tslidesToScroll: 1\r\n\t\t\t\t\t\t\t  }\r\n\t\t\t\t\t\t\t}\r\n\t\t\t\t\t\t],pauseOnDotsHover: true,customPaging: function(slider, i) {\r\n                   return '<i type=\"button\" style= \"color:#333333;\" class=\"ultsl-record\" data-role=\"none\"><\/i>';\r\n                },});\r\n\t\t\t\t\t}\r\n\t\t\t\t});\r\n\t\t\t<\/script>\r\n\t\t\t<div class=\"g-cols wpb_row us_custom_07cac7d0 trisomy_infobox via_grid cols_1 laptops-cols_inherit tablets-cols_inherit mobiles-cols_1 valign_top type_default\"><div class=\"wpb_column vc_column_container\"><div class=\"vc_column-inner\"><div class=\"wpb_text_column\"><div class=\"wpb_wrapper\"><p>Vy\u0161et\u0159en\u00ed <strong>TRISOMY <span style=\"color: #e8657c;\">test\u00a0<\/span>je mo\u017eno <\/strong>vyu\u017e\u00edt i v p\u0159\u00edpad\u011b dvou\u010detn\u00fdch t\u011bhotenstv\u00ed, ale v p\u0159\u00edpad\u011b patologick\u00e9ho n\u00e1lezu nen\u00ed mo\u017eno p\u0159\u00edmo z v\u00fdsledku testu p\u0159i\u0159adit n\u00e1lez konkr\u00e9tn\u00edmu z plod\u016f.<br \/>\nVy\u0161et\u0159en\u00ed <strong>TRISOMY <span style=\"color: #e8657c;\">test\u00a0<\/span>je mo\u017eno <\/strong>vyu\u017e\u00edt u t\u011bhotenstv\u00ed s pou\u017eit\u00edm technik asistovan\u00e9 reprodukce v\u010detn\u011b p\u0159\u00edpad\u016f s darovan\u00fdmi gametami (vaj\u00ed\u010dko u \u017eeny, spermie u mu\u017ee).<\/p>\n<\/div><\/div><\/div><\/div><\/div><\/div><\/div><\/div><\/div><\/section><section class=\"l-section wpb_row height_medium\"><div class=\"l-section-h i-cf\"><div class=\"g-cols vc_row via_grid cols_1 laptops-cols_inherit tablets-cols_inherit mobiles-cols_1 valign_top type_default\"><div class=\"wpb_column vc_column_container\"><div class=\"vc_column-inner\"><div class=\"wpb_text_column us_custom_9ae915c1 has_text_color\"><div class=\"wpb_wrapper\"><p><strong>P\u0159ehled<\/strong>\u00a0TRISOMY\u00a0test\u016f<\/p>\n<\/div><\/div><div id=\"ult-carousel-420911750869f87de6a8599\" class=\"ult-carousel-wrapper  trisomy_about_slider tests ult_horizontal\" data-gutter=\"15\" data-rtl=\"false\" ><div class=\"ult-carousel-260167189569f87de6a8577 \" ><div class=\"ult-item-wrap\" data-animation=\"animated no-animation\"><div class=\"g-cols wpb_row us_custom_4a5156de test_box via_grid cols_1 laptops-cols_inherit tablets-cols_inherit mobiles-cols_1 valign_top type_default\"><div class=\"ult-item-wrap\" data-animation=\"animated no-animation\"><div class=\"wpb_column vc_column_container\"><div class=\"vc_column-inner\"><div class=\"ult-item-wrap\" data-animation=\"animated no-animation\"><div class=\"wpb_text_column us_custom_ab561058 title has_text_color\"><div class=\"wpb_wrapper\"><p>TRISOMY <span style=\"color: #e8657c;\">test<\/span><\/p>\n<\/div><\/div><\/div><div class=\"ult-item-wrap\" data-animation=\"animated no-animation\"><div class=\"wpb_text_column us_custom_68ba5aa4 link\"><div class=\"wpb_wrapper\"><p><a href=\"\/cs\/trisomy-test\/\">v\u00edce<\/a><\/p>\n<\/div><\/div><\/div><\/div><\/div><\/div><\/div><\/div><div class=\"ult-item-wrap\" data-animation=\"animated no-animation\"><div class=\"g-cols wpb_row us_custom_4a5156de test_box purple via_grid cols_1 laptops-cols_inherit tablets-cols_inherit mobiles-cols_1 valign_top type_default\"><div class=\"ult-item-wrap\" data-animation=\"animated no-animation\"><div class=\"wpb_column vc_column_container\"><div class=\"vc_column-inner\"><div class=\"ult-item-wrap\" data-animation=\"animated no-animation\"><div class=\"wpb_text_column us_custom_ab561058 title has_text_color\"><div class=\"wpb_wrapper\"><p>TRISOMY <span style=\"color: #9a87a5;\">test XY<\/span><\/p>\n<\/div><\/div><\/div><div class=\"ult-item-wrap\" data-animation=\"animated no-animation\"><div class=\"wpb_text_column us_custom_68ba5aa4 link\"><div class=\"wpb_wrapper\"><p><a href=\"\/cs\/trisomy-test-xy\/\">v\u00edce<\/a><\/p>\n<\/div><\/div><\/div><\/div><\/div><\/div><\/div><\/div><div class=\"ult-item-wrap\" data-animation=\"animated no-animation\"><div class=\"g-cols wpb_row us_custom_4a5156de test_box blue via_grid cols_1 laptops-cols_inherit tablets-cols_inherit mobiles-cols_1 valign_top type_default\"><div class=\"ult-item-wrap\" data-animation=\"animated no-animation\"><div class=\"wpb_column vc_column_container\"><div class=\"vc_column-inner\"><div class=\"ult-item-wrap\" data-animation=\"animated no-animation\"><div class=\"wpb_text_column us_custom_ab561058 title has_text_color\"><div class=\"wpb_wrapper\"><p>TRISOMY <span style=\"color: #5abbd1;\">test +<\/span><\/p>\n<\/div><\/div><\/div><div class=\"ult-item-wrap\" data-animation=\"animated no-animation\"><div class=\"wpb_text_column us_custom_68ba5aa4 link\"><div class=\"wpb_wrapper\"><p><a href=\"\/cs\/trisomy-test-plus\/\">v\u00edce<\/a><\/p>\n<\/div><\/div><\/div><\/div><\/div><\/div><\/div><\/div><div class=\"ult-item-wrap\" data-animation=\"animated no-animation\"><div class=\"g-cols wpb_row us_custom_4a5156de test_box yellow via_grid cols_1 laptops-cols_inherit tablets-cols_inherit mobiles-cols_1 valign_top type_default\"><div class=\"ult-item-wrap\" data-animation=\"animated no-animation\"><div class=\"wpb_column vc_column_container\"><div class=\"vc_column-inner\"><div class=\"ult-item-wrap\" data-animation=\"animated no-animation\"><div class=\"wpb_text_column us_custom_ab561058 title has_text_color\"><div class=\"wpb_wrapper\"><p>TRISOMY <span style=\"color: #bfaf00;\">test Complete<\/span><\/p>\n<\/div><\/div><\/div><div class=\"ult-item-wrap\" data-animation=\"animated no-animation\"><div class=\"wpb_text_column us_custom_68ba5aa4 link\"><div class=\"wpb_wrapper\"><p><a href=\"\/cs\/trisomy-test-complete\/\">v\u00edce<\/a><\/p>\n<\/div><\/div><\/div><\/div><\/div><\/div><\/div><\/div><\/div><\/div>\t\t\t<script type=\"text\/javascript\">\r\n\t\t\t\tjQuery(document).ready(function ($) {\r\n\t\t\t\t\tif( typeof jQuery('.ult-carousel-260167189569f87de6a8577').slick == \"function\"){\r\n\t\t\t\t\t\t$('.ult-carousel-260167189569f87de6a8577').slick({dots: false,autoplaySpeed: 5000,speed: 300,infinite: false,arrows: true,nextArrow: '<button type=\"button\" role=\"button\" aria-label=\"Next\" style=\"color:#333333; font-size:20px;background:;\" class=\"slick-next circle-bg\"><i class=\"ultsl-arrow-right4\"><\/i><\/button>',prevArrow: '<button type=\"button\" role=\"button\" aria-label=\"Previous\" style=\"color:#333333; font-size:20px;background:;\" class=\"slick-prev circle-bg\"><i class=\"ultsl-arrow-left4\"><\/i><\/button>',slidesToScroll:1,slidesToShow:4,swipe: true,draggable: true,touchMove: true,pauseOnHover: true,pauseOnFocus: false,responsive: [\r\n\t\t\t\t\t\t\t{\r\n\t\t\t\t\t\t\t  breakpoint: 1026,\r\n\t\t\t\t\t\t\t  settings: {\r\n\t\t\t\t\t\t\t\tslidesToShow: 4,\r\n\t\t\t\t\t\t\t\tslidesToScroll: 1,  \r\n\t\t\t\t\t\t\t  }\r\n\t\t\t\t\t\t\t},\r\n\t\t\t\t\t\t\t{\r\n\t\t\t\t\t\t\t  breakpoint: 1025,\r\n\t\t\t\t\t\t\t  settings: {\r\n\t\t\t\t\t\t\t\tslidesToShow: 3,\r\n\t\t\t\t\t\t\t\tslidesToScroll: 1\r\n\t\t\t\t\t\t\t  }\r\n\t\t\t\t\t\t\t},\r\n\t\t\t\t\t\t\t{\r\n\t\t\t\t\t\t\t  breakpoint: 760,\r\n\t\t\t\t\t\t\t  settings: {\r\n\t\t\t\t\t\t\t\tslidesToShow: 1,\r\n\t\t\t\t\t\t\t\tslidesToScroll: 1\r\n\t\t\t\t\t\t\t  }\r\n\t\t\t\t\t\t\t}\r\n\t\t\t\t\t\t],pauseOnDotsHover: true,customPaging: function(slider, i) {\r\n                   return '<i type=\"button\" style= \"color:#333333;\" class=\"ultsl-record\" data-role=\"none\"><\/i>';\r\n                },});\r\n\t\t\t\t\t}\r\n\t\t\t\t});\r\n\t\t\t<\/script>\r\n\t\t\t<\/div><\/div><\/div><\/div><\/section>\n","protected":false},"excerpt":{"rendered":"TRISOMY test O testu TRISOMY test je neinvazivn\u00ed, bezpe\u010dn\u00e9 a bezbolestn\u00e9 screeningov\u00e9 vy\u0161et\u0159en\u00ed z krve matky, kter\u00e9 dok\u00e1\u017ee s vysokou p\u0159esnost\u00ed vylou\u010dit p\u0159\u00edtomnost chromozom\u00e1ln\u00edch poruch plodu u\u017e od 12. t\u00fddne gravidity. V p\u0159\u00edpad\u011b z\u00e1jmu je mo\u017en\u00e9 zjistit tak\u00e9 pohlav\u00ed plodu. P\u0159ed objedn\u00e1n\u00edm testu je nezbytn\u00e9 se sezn\u00e1mit s aktu\u00e1ln\u00edm Pou\u010den\u00edm o genetick\u00e9m laboratorn\u00edm vy\u0161et\u0159en\u00ed. Co...","protected":false},"author":1,"featured_media":0,"parent":0,"menu_order":0,"comment_status":"closed","ping_status":"closed","template":"","meta":{"inline_featured_image":false,"footnotes":""},"class_list":["post-2757","page","type-page","status-publish","hentry"],"acf":[],"_links":{"self":[{"href":"https:\/\/trisomytest.sk\/cs\/wp-json\/wp\/v2\/pages\/2757","targetHints":{"allow":["GET"]}}],"collection":[{"href":"https:\/\/trisomytest.sk\/cs\/wp-json\/wp\/v2\/pages"}],"about":[{"href":"https:\/\/trisomytest.sk\/cs\/wp-json\/wp\/v2\/types\/page"}],"author":[{"embeddable":true,"href":"https:\/\/trisomytest.sk\/cs\/wp-json\/wp\/v2\/users\/1"}],"replies":[{"embeddable":true,"href":"https:\/\/trisomytest.sk\/cs\/wp-json\/wp\/v2\/comments?post=2757"}],"version-history":[{"count":0,"href":"https:\/\/trisomytest.sk\/cs\/wp-json\/wp\/v2\/pages\/2757\/revisions"}],"wp:attachment":[{"href":"https:\/\/trisomytest.sk\/cs\/wp-json\/wp\/v2\/media?parent=2757"}],"curies":[{"name":"wp","href":"https:\/\/api.w.org\/{rel}","templated":true}]}}