{"id":2556,"date":"2022-10-19T09:35:45","date_gmt":"2022-10-19T08:35:45","guid":{"rendered":"https:\/\/trisomytest1.wpengine.com\/?page_id=2556"},"modified":"2023-09-04T13:33:46","modified_gmt":"2023-09-04T12:33:46","slug":"contact","status":"publish","type":"page","link":"https:\/\/trisomytest.sk\/en\/contact\/","title":{"rendered":"Contact"},"content":{"rendered":"<section class=\"l-section wpb_row us_custom_c09b9791 trisomy_header_subpage height_medium\"><div class=\"l-section-h i-cf\"><div class=\"g-cols vc_row via_grid cols_1 laptops-cols_inherit tablets-cols_inherit mobiles-cols_1 valign_top type_default\"><div class=\"wpb_column vc_column_container us_custom_fab4abd9\"><div class=\"vc_column-inner\"><div class=\"wpb_text_column us_custom_3177fd38 has_text_color\"><div class=\"wpb_wrapper\"><p><strong>Contact details<\/strong><\/p>\n<\/div><\/div><div class=\"wpb_text_column us_custom_bd580f3b\"><div class=\"wpb_wrapper\"><p>Cannot seem to find the required information on our website?<br \/>\nGet in touch with us at\u00a0<a href=\"mailto:info@trisomytest.sk\">info@trisomytest.sk<\/a> or\u00a0<a style=\"color: #53516a; text-decoration: none; font-weight: bold;\" href=\"tel:+421800 400 800\">0800 400 800<\/a><\/p>\n<\/div><\/div><div class=\"w-image circle_left align_none\"><div class=\"w-image-h\"><img decoding=\"async\" src=\"https:\/\/trisomytest.sk\/wp-content\/uploads\/2022\/10\/Ellipse-1853.svg\" class=\"attachment-full size-full\" alt=\"\" \/><\/div><\/div><div class=\"w-image circle_mid align_none\"><div class=\"w-image-h\"><img decoding=\"async\" src=\"https:\/\/trisomytest.sk\/wp-content\/uploads\/2022\/10\/Ellipse-1854.svg\" class=\"attachment-full size-full\" alt=\"\" \/><\/div><\/div><div class=\"w-image circle_right align_none\"><div class=\"w-image-h\"><img decoding=\"async\" src=\"https:\/\/trisomytest.sk\/wp-content\/uploads\/2022\/10\/Ellipse-1853.svg\" class=\"attachment-full size-full\" alt=\"\" \/><\/div><\/div><\/div><\/div><\/div><\/div><\/section><section class=\"l-section wpb_row height_medium\"><div class=\"l-section-h i-cf\"><div class=\"g-cols vc_row via_grid cols_2 laptops-cols_inherit tablets-cols_inherit mobiles-cols_1 valign_middle type_default\"><div class=\"wpb_column vc_column_container\"><div class=\"vc_column-inner\"><div class=\"wpb_text_column us_custom_d84ca491\"><div class=\"wpb_wrapper\"><p><strong>Adress<\/strong><\/p>\n<\/div><\/div><div class=\"wpb_text_column us_custom_b3abe58b\"><div class=\"wpb_wrapper\"><p>TRISOMYtest, s. r. o.<br \/>\nNovoz\u00e1mock\u00e1 67<br \/>\n949 05 Nitra-Horn\u00e9 Kr\u0161kany<\/p>\n<\/div><\/div><div class=\"wpb_text_column us_custom_b3abe58b\"><div class=\"wpb_wrapper\"><p><strong>Medirex laboratories<\/strong><br \/>\nMedirex, a.s.<br \/>\nGalvaniho 17\/C<br \/>\nP.O. Box 143<br \/>\n820 16 Bratislava<\/p>\n<\/div><\/div><div class=\"wpb_text_column us_custom_d84ca491\"><div class=\"wpb_wrapper\"><p><strong>Client center<\/strong><\/p>\n<\/div><\/div><div class=\"wpb_text_column us_custom_b3abe58b\"><div class=\"wpb_wrapper\"><p><a href=\"tel:+421800 400 800\">0800 400 800<\/a><br \/>\n<a href=\"mailto:info@trisomytest.sk\">info@trisomytest.sk<\/a><\/p>\n<\/div><\/div><\/div><\/div><div class=\"wpb_column vc_column_container\"><div class=\"vc_column-inner\"><div class=\"w-map provider_google\" id=\"us_map_1\"><div class=\"w-map-json\" onclick='return {&quot;address&quot;:&quot;Galvaniho 17\\\/C, 821 04 Ru\\u017einov&quot;,&quot;zoom&quot;:11,&quot;hideControls&quot;:0,&quot;disableZoom&quot;:0,&quot;disableDragging&quot;:0,&quot;markers&quot;:[{&quot;address&quot;:&quot;Galvaniho 17\\\/C, 821 04 Ru\\u017einov&quot;,&quot;html&quot;:&quot;Medirex, a.s.&lt;\\\/br&gt;\\nGalvaniho 17\\\/C&lt;\\\/br&gt;\\nP.O. Box 143&lt;\\\/br&gt;\\n820 16 Bratislava&quot;,&quot;infowindow&quot;:false}],&quot;icon&quot;:{&quot;url&quot;:&quot;https:\\\/\\\/trisomytest.sk\\\/wp-content\\\/uploads\\\/2023\\\/01\\\/\\uf3c5-2.svg&quot;,&quot;size&quot;:[40,40]},&quot;maptype&quot;:&quot;ROADMAP&quot;}'><\/div><div class=\"w-map-style-json\" onclick='return [\n      {\n        featureType: \"administrative.locality\",\n        elementType: \"all\",\n        stylers: [\n          {\n            hue: \"#2c2e33\",\n          },\n          {\n            saturation: 7,\n          },\n          {\n            lightness: 19,\n          },\n          {\n            visibility: \"on\",\n          },\n        ],\n      },\n      {\n        featureType: \"landscape\",\n        elementType: \"all\",\n        stylers: [\n          {\n            hue: \"#ffffff\",\n          },\n          {\n            saturation: -100,\n          },\n          {\n            lightness: 100,\n          },\n          {\n            visibility: \"simplified\",\n          },\n        ],\n      },\n      {\n        featureType: \"poi\",\n        elementType: \"all\",\n        stylers: [\n          {\n            hue: \"#ffffff\",\n          },\n          {\n            saturation: -100,\n          },\n          {\n            lightness: 100,\n          },\n          {\n            visibility: \"off\",\n          },\n        ],\n      },\n      {\n        featureType: \"road\",\n        elementType: \"geometry\",\n        stylers: [\n          {\n            hue: \"#bbc0c4\",\n          },\n          {\n            saturation: -93,\n          },\n          {\n            lightness: 31,\n          },\n          {\n            visibility: \"simplified\",\n          },\n        ],\n      },\n      {\n        featureType: \"road\",\n        elementType: \"labels\",\n        stylers: [\n          {\n            hue: \"#bbc0c4\",\n          },\n          {\n            saturation: -93,\n          },\n          {\n            lightness: 31,\n          },\n          {\n            visibility: \"on\",\n          },\n        ],\n      },\n      {\n        featureType: \"road.arterial\",\n        elementType: \"labels\",\n        stylers: [\n          {\n            hue: \"#bbc0c4\",\n          },\n          {\n            saturation: -93,\n          },\n          {\n            lightness: -2,\n          },\n          {\n            visibility: \"simplified\",\n          },\n        ],\n      },\n      {\n        featureType: \"road.local\",\n        elementType: \"geometry\",\n        stylers: [\n          {\n            hue: \"#e9ebed\",\n          },\n          {\n            saturation: -90,\n          },\n          {\n            lightness: -8,\n          },\n          {\n            visibility: \"simplified\",\n          },\n        ],\n      },\n      {\n        featureType: \"transit\",\n        elementType: \"all\",\n        stylers: [\n          {\n            hue: \"#e9ebed\",\n          },\n          {\n            saturation: 10,\n          },\n          {\n            lightness: 69,\n          },\n          {\n            visibility: \"on\",\n          },\n        ],\n      },\n      {\n        featureType: \"water\",\n        elementType: \"all\",\n        stylers: [\n          {\n            hue: \"#e9ebed\",\n          },\n          {\n            saturation: -78,\n          },\n          {\n            lightness: 67,\n          },\n          {\n            visibility: \"simplified\",\n          },\n        ],\n      },\n    ]'><\/div><\/div><\/div><\/div><\/div><\/div><\/section>\n","protected":false},"excerpt":{"rendered":"Contact details Cannot seem to find the required information on our website? Get in touch with us at\u00a0info@trisomytest.sk or\u00a00800 400 800 Adress TRISOMYtest, s. r. o. Novoz\u00e1mock\u00e1 67 949 05 Nitra-Horn\u00e9 Kr\u0161kany Medirex laboratories Medirex, a.s. Galvaniho 17\/C P.O. Box 143 820 16 Bratislava Client center 0800 400 800 info@trisomytest.sk","protected":false},"author":1,"featured_media":0,"parent":0,"menu_order":0,"comment_status":"closed","ping_status":"closed","template":"","meta":{"inline_featured_image":false,"footnotes":""},"class_list":["post-2556","page","type-page","status-publish","hentry"],"acf":[],"_links":{"self":[{"href":"https:\/\/trisomytest.sk\/en\/wp-json\/wp\/v2\/pages\/2556","targetHints":{"allow":["GET"]}}],"collection":[{"href":"https:\/\/trisomytest.sk\/en\/wp-json\/wp\/v2\/pages"}],"about":[{"href":"https:\/\/trisomytest.sk\/en\/wp-json\/wp\/v2\/types\/page"}],"author":[{"embeddable":true,"href":"https:\/\/trisomytest.sk\/en\/wp-json\/wp\/v2\/users\/1"}],"replies":[{"embeddable":true,"href":"https:\/\/trisomytest.sk\/en\/wp-json\/wp\/v2\/comments?post=2556"}],"version-history":[{"count":0,"href":"https:\/\/trisomytest.sk\/en\/wp-json\/wp\/v2\/pages\/2556\/revisions"}],"wp:attachment":[{"href":"https:\/\/trisomytest.sk\/en\/wp-json\/wp\/v2\/media?parent=2556"}],"curies":[{"name":"wp","href":"https:\/\/api.w.org\/{rel}","templated":true}]}}