{"id":2845,"date":"2022-10-21T09:03:08","date_gmt":"2022-10-21T08:03:08","guid":{"rendered":"https:\/\/trisomytest.sk\/?page_id=2845"},"modified":"2023-02-06T10:23:25","modified_gmt":"2023-02-06T09:23:25","slug":"tajekoztatas-a-genetikai-laboratoriumi-vizsgalatrol","status":"publish","type":"page","link":"https:\/\/trisomytest.sk\/hu\/tajekoztatas-a-genetikai-laboratoriumi-vizsgalatrol\/","title":{"rendered":"T\u00e1j\u00e9koztat\u00e1s a genetikai laborat\u00f3riumi vizsg\u00e1latr\u00f3l"},"content":{"rendered":"<section class=\"l-section wpb_row us_custom_6a811a31 trisomy_header_subpage height_medium\"><div class=\"l-section-h i-cf\"><div class=\"g-cols vc_row via_grid cols_1 laptops-cols_inherit tablets-cols_inherit mobiles-cols_1 valign_top type_default\"><div class=\"wpb_column vc_column_container us_custom_fab4abd9\"><div class=\"vc_column-inner\"><div class=\"wpb_text_column us_custom_0d13b276 has_text_color\"><div class=\"wpb_wrapper\"><p><strong>T\u00e1j\u00e9koztat\u00e1s<\/strong> a genetikai<br \/>\nlaborat\u00f3riumi vizsg\u00e1latr\u00f3l<\/p>\n<\/div><\/div><div class=\"wpb_text_column us_custom_bd580f3b\"><div class=\"wpb_wrapper\"><p>A teszt megrendel\u00e9se el\u0151tt meg kell ismerni az aktu\u00e1lis Genetikai laborat\u00f3riumi vizsg\u00e1lati t\u00e1j\u00e9koztat\u00f3t, amelyet ezen az oldalon tal\u00e1l. Az orvosi rendel\u0151ben v\u00e9gzett vizsg\u00e1lat el\u0151tt \u00d6n a T\u00e1j\u00e9koztat\u00f3 \u00e9s hozz\u00e1j\u00e1rul\u00e1s al\u00e1\u00edr\u00e1s\u00e1val igazolja, hogy a t\u00e1j\u00e9koztat\u00f3t elolvasta.<\/p>\n<\/div><\/div><div class=\"w-image circle_left align_none\"><div class=\"w-image-h\"><img decoding=\"async\" src=\"https:\/\/trisomytest.sk\/wp-content\/uploads\/2022\/10\/Ellipse-1853.svg\" class=\"attachment-full size-full\" alt=\"\" \/><\/div><\/div><div class=\"w-image circle_mid align_none\"><div class=\"w-image-h\"><img decoding=\"async\" src=\"https:\/\/trisomytest.sk\/wp-content\/uploads\/2022\/10\/Ellipse-1854.svg\" class=\"attachment-full size-full\" alt=\"\" \/><\/div><\/div><div class=\"w-image circle_right align_none\"><div class=\"w-image-h\"><img decoding=\"async\" src=\"https:\/\/trisomytest.sk\/wp-content\/uploads\/2022\/10\/Ellipse-1853.svg\" class=\"attachment-full size-full\" alt=\"\" \/><\/div><\/div><\/div><\/div><\/div><\/div><\/section><section class=\"l-section wpb_row height_medium\"><div class=\"l-section-h i-cf\"><div class=\"g-cols vc_row via_grid cols_1 laptops-cols_inherit tablets-cols_inherit mobiles-cols_1 valign_middle type_default\"><div class=\"wpb_column vc_column_container\"><div class=\"vc_column-inner\"><div class=\"g-cols wpb_row us_custom_5dbe6486 via_grid cols_2 laptops-cols_inherit tablets-cols_inherit mobiles-cols_1 valign_middle type_default\"><div class=\"wpb_column vc_column_container\"><div class=\"vc_column-inner\"><div class=\"wpb_text_column us_custom_5c513a42 has_text_color\"><div class=\"wpb_wrapper\"><p>\u00c9rv\u00e9nyes -t\u0151l 1. 5. 2022<\/p>\n<\/div><\/div><div class=\"wpb_text_column us_custom_2bd1eb37\"><div class=\"wpb_wrapper\"><p>TRISOMY test, TRISOMY test XY, TRISOMY test +<\/p>\n<\/div><\/div><\/div><\/div><div class=\"wpb_column vc_column_container\"><div class=\"vc_column-inner\"><div class=\"w-text us_custom_a4bf66b9 has_text_color\"><a href=\"\/wp-content\/uploads\/2023\/01\/Poucenie-o-genetickom-vysetreni-TT_TT-xy_TT-plus-2.pdf\" class=\"w-text-h\"><i class=\"far fa-file\"><\/i><span class=\"w-text-value\">Stiahnu\u0165 PDF<\/span><\/a><\/div><\/div><\/div><\/div><div class=\"g-cols wpb_row us_custom_5dbe6486 via_grid cols_2 laptops-cols_inherit tablets-cols_inherit mobiles-cols_1 valign_middle type_default\"><div class=\"wpb_column vc_column_container\"><div class=\"vc_column-inner\"><div class=\"wpb_text_column us_custom_5c513a42 has_text_color\"><div class=\"wpb_wrapper\"><p>\u00c9rv\u00e9nyes -t\u0151l 1. 5. 2022<\/p>\n<\/div><\/div><div class=\"wpb_text_column us_custom_2bd1eb37\"><div class=\"wpb_wrapper\"><p>TRISOMY test Complete<\/p>\n<\/div><\/div><\/div><\/div><div class=\"wpb_column vc_column_container\"><div class=\"vc_column-inner\"><div class=\"w-text us_custom_a4bf66b9 has_text_color\"><a href=\"\/wp-content\/uploads\/2023\/01\/Poucenie-o-genetickom-vysetreni-TT-complete-2.pdf\" class=\"w-text-h\"><i class=\"far fa-file\"><\/i><span class=\"w-text-value\">Stiahnu\u0165 PDF<\/span><\/a><\/div><\/div><\/div><\/div><div class=\"g-cols wpb_row us_custom_5dbe6486 via_grid cols_2 laptops-cols_inherit tablets-cols_inherit mobiles-cols_1 valign_middle type_default\"><div class=\"wpb_column vc_column_container\"><div class=\"vc_column-inner\"><div class=\"wpb_text_column us_custom_5c513a42 has_text_color\"><div class=\"wpb_wrapper\"><p>\u00c9rv\u00e9nyes -t\u0151l 1. 5. 2022<\/p>\n<\/div><\/div><div class=\"wpb_text_column us_custom_2bd1eb37\"><div class=\"wpb_wrapper\"><p>Kieg\u00e9sz\u00edt\u0151 vizsg\u00e1lat +CF (cystick\u00e1 fibr\u00f3za)<\/p>\n<\/div><\/div><\/div><\/div><div class=\"wpb_column vc_column_container\"><div class=\"vc_column-inner\"><div class=\"w-text us_custom_a4bf66b9 has_text_color\"><a href=\"\/wp-content\/uploads\/2023\/01\/Poucenie-o-genetickom-vysetreni-Cysticka-fibroza-2.pdf\" class=\"w-text-h\"><i class=\"far fa-file\"><\/i><span class=\"w-text-value\">Stiahnu\u0165 PDF<\/span><\/a><\/div><\/div><\/div><\/div><div class=\"g-cols wpb_row us_custom_5dbe6486 via_grid cols_2 laptops-cols_inherit tablets-cols_inherit mobiles-cols_1 valign_middle type_default\"><div class=\"wpb_column vc_column_container\"><div class=\"vc_column-inner\"><div class=\"wpb_text_column us_custom_5c513a42 has_text_color\"><div class=\"wpb_wrapper\"><p>\u00c9rv\u00e9nyes -t\u0151l 1. 5. 2022<\/p>\n<\/div><\/div><div class=\"wpb_text_column us_custom_2bd1eb37\"><div class=\"wpb_wrapper\"><p>Kieg\u00e9sz\u00edt\u0151 vizsg\u00e1lat +SLOS (Smithov-Lemliho-Opitzov syndr\u00f3m)<\/p>\n<\/div><\/div><\/div><\/div><div class=\"wpb_column vc_column_container\"><div class=\"vc_column-inner\"><div class=\"w-text us_custom_a4bf66b9 has_text_color\"><a href=\"\/wp-content\/uploads\/2023\/01\/SLOS_POUCENIE-O-GENETICKOM-LABORATORNOM-VYSETRENI_07_2022.pdf\" class=\"w-text-h\"><i class=\"far fa-file\"><\/i><span class=\"w-text-value\">Stiahnu\u0165 PDF<\/span><\/a><\/div><\/div><\/div><\/div><div class=\"g-cols wpb_row us_custom_5dbe6486 via_grid cols_2 laptops-cols_inherit tablets-cols_inherit mobiles-cols_1 valign_middle type_default\"><div class=\"wpb_column vc_column_container\"><div class=\"vc_column-inner\"><div class=\"wpb_text_column us_custom_5c513a42 has_text_color\"><div class=\"wpb_wrapper\"><p>\u00c9rv\u00e9nyes -t\u0151l 1. 5. 2022<\/p>\n<\/div><\/div><div class=\"wpb_text_column us_custom_2bd1eb37\"><div class=\"wpb_wrapper\"><p>TRISOMY test Complete +CF (Cystick\u00e1 fibr\u00f3za), +SLOS\u00a0(Smithov-Lemliho-Opitzov syndr\u00f3m)<\/p>\n<\/div><\/div><\/div><\/div><div class=\"wpb_column vc_column_container\"><div class=\"vc_column-inner\"><div class=\"w-text us_custom_a4bf66b9 has_text_color\"><a href=\"\/wp-content\/uploads\/2023\/01\/SLOS_POUCENIE-O-GENETICKOM-LABORATORNOM-VYSETRENI_07_2022.pdf\" class=\"w-text-h\"><i class=\"far fa-file\"><\/i><span class=\"w-text-value\">Stiahnu\u0165 PDF<\/span><\/a><\/div><\/div><\/div><\/div><\/div><\/div><\/div><\/div><\/section>\n","protected":false},"excerpt":{"rendered":"T\u00e1j\u00e9koztat\u00e1s a genetikai laborat\u00f3riumi vizsg\u00e1latr\u00f3l A teszt megrendel\u00e9se el\u0151tt meg kell ismerni az aktu\u00e1lis Genetikai laborat\u00f3riumi vizsg\u00e1lati t\u00e1j\u00e9koztat\u00f3t, amelyet ezen az oldalon tal\u00e1l. Az orvosi rendel\u0151ben v\u00e9gzett vizsg\u00e1lat el\u0151tt \u00d6n a T\u00e1j\u00e9koztat\u00f3 \u00e9s hozz\u00e1j\u00e1rul\u00e1s al\u00e1\u00edr\u00e1s\u00e1val igazolja, hogy a t\u00e1j\u00e9koztat\u00f3t elolvasta. \u00c9rv\u00e9nyes -t\u0151l 1. 5. 2022 TRISOMY test, TRISOMY test XY, TRISOMY test + Stiahnu\u0165 PDF\u00c9rv\u00e9nyes...","protected":false},"author":1,"featured_media":0,"parent":0,"menu_order":0,"comment_status":"closed","ping_status":"closed","template":"","meta":{"inline_featured_image":false,"footnotes":""},"class_list":["post-2845","page","type-page","status-publish","hentry"],"acf":[],"_links":{"self":[{"href":"https:\/\/trisomytest.sk\/hu\/wp-json\/wp\/v2\/pages\/2845","targetHints":{"allow":["GET"]}}],"collection":[{"href":"https:\/\/trisomytest.sk\/hu\/wp-json\/wp\/v2\/pages"}],"about":[{"href":"https:\/\/trisomytest.sk\/hu\/wp-json\/wp\/v2\/types\/page"}],"author":[{"embeddable":true,"href":"https:\/\/trisomytest.sk\/hu\/wp-json\/wp\/v2\/users\/1"}],"replies":[{"embeddable":true,"href":"https:\/\/trisomytest.sk\/hu\/wp-json\/wp\/v2\/comments?post=2845"}],"version-history":[{"count":0,"href":"https:\/\/trisomytest.sk\/hu\/wp-json\/wp\/v2\/pages\/2845\/revisions"}],"wp:attachment":[{"href":"https:\/\/trisomytest.sk\/hu\/wp-json\/wp\/v2\/media?parent=2845"}],"curies":[{"name":"wp","href":"https:\/\/api.w.org\/{rel}","templated":true}]}}