{"id":2846,"date":"2022-10-21T09:19:14","date_gmt":"2022-10-21T08:19:14","guid":{"rendered":"https:\/\/trisomytest.sk\/?page_id=2846"},"modified":"2023-01-20T13:39:47","modified_gmt":"2023-01-20T12:39:47","slug":"orvosoknak","status":"publish","type":"page","link":"https:\/\/trisomytest.sk\/hu\/orvosoknak\/","title":{"rendered":"Orvosoknak"},"content":{"rendered":"<section class=\"l-section wpb_row us_custom_6a811a31 trisomy_header_subpage height_medium\"><div class=\"l-section-h i-cf\"><div class=\"g-cols vc_row via_grid cols_1 laptops-cols_inherit tablets-cols_inherit mobiles-cols_1 valign_top type_default\"><div class=\"wpb_column vc_column_container us_custom_fab4abd9\"><div class=\"vc_column-inner\"><div class=\"wpb_text_column us_custom_0d13b276 has_text_color\"><div class=\"wpb_wrapper\"><p><strong>Pre lek\u00e1rov<\/strong><\/p>\n<\/div><\/div><div class=\"wpb_text_column us_custom_bd580f3b\"><div class=\"wpb_wrapper\"><p>H\u013ead\u00e1te viac inform\u00e1ci\u00ed? Ni\u017e\u0161ie prin\u00e1\u0161ame komplexn\u00fd preh\u013ead informa\u010dn\u00fdch materi\u00e1lov k TRISOMY testom. V pr\u00edpade dopl\u0148uj\u00facich ot\u00e1zok kontaktujte na\u0161ich <u>obchodn\u00fdch medic\u00ednskych reprezentantov<\/u>, pr\u00edpadne klientske centrum na<br \/>\n<a style=\"color: #53516a; text-decoration: none; font-weight: bold;\" href=\"tel:+421800 003 030\">0800 003 030<\/a><\/p>\n<\/div><\/div><div class=\"w-image circle_left align_none\"><div class=\"w-image-h\"><img decoding=\"async\" src=\"https:\/\/trisomytest.sk\/wp-content\/uploads\/2022\/10\/Ellipse-1853.svg\" class=\"attachment-full size-full\" alt=\"\" \/><\/div><\/div><div class=\"w-image circle_mid align_none\"><div class=\"w-image-h\"><img decoding=\"async\" src=\"https:\/\/trisomytest.sk\/wp-content\/uploads\/2022\/10\/Ellipse-1854.svg\" class=\"attachment-full size-full\" alt=\"\" \/><\/div><\/div><div class=\"w-image circle_right align_none\"><div class=\"w-image-h\"><img decoding=\"async\" src=\"https:\/\/trisomytest.sk\/wp-content\/uploads\/2022\/10\/Ellipse-1853.svg\" class=\"attachment-full size-full\" alt=\"\" \/><\/div><\/div><\/div><\/div><\/div><\/div><\/section><section class=\"l-section wpb_row height_medium\"><div class=\"l-section-h i-cf\"><div class=\"g-cols vc_row via_grid cols_1 laptops-cols_inherit tablets-cols_inherit mobiles-cols_1 valign_middle type_default\"><div class=\"wpb_column vc_column_container\"><div class=\"vc_column-inner\"><div class=\"g-cols wpb_row us_custom_5dbe6486 via_grid cols_2 laptops-cols_inherit tablets-cols_inherit mobiles-cols_1 valign_middle type_default\"><div class=\"wpb_column vc_column_container\"><div class=\"vc_column-inner\"><div class=\"wpb_text_column us_custom_5c513a42 has_text_color\"><div class=\"wpb_wrapper\"><p>Platn\u00e9 od 1. 5. 2022<\/p>\n<\/div><\/div><div class=\"wpb_text_column us_custom_2bd1eb37\"><div class=\"wpb_wrapper\"><p>TRISOMY test, TRISOMY test XY, TRISOMY test +<\/p>\n<\/div><\/div><\/div><\/div><div class=\"wpb_column vc_column_container\"><div class=\"vc_column-inner\"><div class=\"w-text us_custom_a4bf66b9 has_text_color\"><a href=\"#\" class=\"w-text-h\"><i class=\"far fa-file\"><\/i><span class=\"w-text-value\">Stiahnu\u0165 PDF<\/span><\/a><\/div><\/div><\/div><\/div><div class=\"g-cols wpb_row us_custom_5dbe6486 via_grid cols_2 laptops-cols_inherit tablets-cols_inherit mobiles-cols_1 valign_middle type_default\"><div class=\"wpb_column vc_column_container\"><div class=\"vc_column-inner\"><div class=\"wpb_text_column us_custom_5c513a42 has_text_color\"><div class=\"wpb_wrapper\"><p>Platn\u00e9 od 1. 5. 2022<\/p>\n<\/div><\/div><div class=\"wpb_text_column us_custom_2bd1eb37\"><div class=\"wpb_wrapper\"><p>TRISOMY test Complete<\/p>\n<\/div><\/div><\/div><\/div><div class=\"wpb_column vc_column_container\"><div class=\"vc_column-inner\"><div class=\"w-text us_custom_a4bf66b9 has_text_color\"><a href=\"#\" class=\"w-text-h\"><i class=\"far fa-file\"><\/i><span class=\"w-text-value\">Stiahnu\u0165 PDF<\/span><\/a><\/div><\/div><\/div><\/div><div class=\"g-cols wpb_row us_custom_5dbe6486 via_grid cols_2 laptops-cols_inherit tablets-cols_inherit mobiles-cols_1 valign_middle type_default\"><div class=\"wpb_column vc_column_container\"><div class=\"vc_column-inner\"><div class=\"wpb_text_column us_custom_5c513a42 has_text_color\"><div class=\"wpb_wrapper\"><p>Platn\u00e9 od 1. 5. 2022<\/p>\n<\/div><\/div><div class=\"wpb_text_column us_custom_2bd1eb37\"><div class=\"wpb_wrapper\"><p>Doplnkov\u00e9 vy\u0161etrenie +CF (cystick\u00e1 fibr\u00f3za)<\/p>\n<\/div><\/div><\/div><\/div><div class=\"wpb_column vc_column_container\"><div class=\"vc_column-inner\"><div class=\"w-text us_custom_a4bf66b9 has_text_color\"><a href=\"#\" class=\"w-text-h\"><i class=\"far fa-file\"><\/i><span class=\"w-text-value\">Stiahnu\u0165 PDF<\/span><\/a><\/div><\/div><\/div><\/div><div class=\"g-cols wpb_row us_custom_5dbe6486 via_grid cols_2 laptops-cols_inherit tablets-cols_inherit mobiles-cols_1 valign_middle type_default\"><div class=\"wpb_column vc_column_container\"><div class=\"vc_column-inner\"><div class=\"wpb_text_column us_custom_5c513a42 has_text_color\"><div class=\"wpb_wrapper\"><p>Platn\u00e9 od 1. 5. 2022<\/p>\n<\/div><\/div><div class=\"wpb_text_column us_custom_2bd1eb37\"><div class=\"wpb_wrapper\"><p>Doplnkov\u00e9 vy\u0161etrenie +SLOS (Smithov-Lemliho-Opitzov syndr\u00f3m)<\/p>\n<\/div><\/div><\/div><\/div><div class=\"wpb_column vc_column_container\"><div class=\"vc_column-inner\"><div class=\"w-text us_custom_a4bf66b9 has_text_color\"><a href=\"#\" class=\"w-text-h\"><i class=\"far fa-file\"><\/i><span class=\"w-text-value\">Stiahnu\u0165 PDF<\/span><\/a><\/div><\/div><\/div><\/div><div class=\"g-cols wpb_row us_custom_5dbe6486 via_grid cols_2 laptops-cols_inherit tablets-cols_inherit mobiles-cols_1 valign_middle type_default\"><div class=\"wpb_column vc_column_container\"><div class=\"vc_column-inner\"><div class=\"wpb_text_column us_custom_5c513a42 has_text_color\"><div class=\"wpb_wrapper\"><p>Platn\u00e9 od 1. 5. 2022<\/p>\n<\/div><\/div><div class=\"wpb_text_column us_custom_2bd1eb37\"><div class=\"wpb_wrapper\"><p>TRISOMY test Complete +CF (Cystick\u00e1 fibr\u00f3za), +SLOS\u00a0(Smithov-Lemliho-Opitzov syndr\u00f3m)<\/p>\n<\/div><\/div><\/div><\/div><div class=\"wpb_column vc_column_container\"><div class=\"vc_column-inner\"><div class=\"w-text us_custom_a4bf66b9 has_text_color\"><a href=\"#\" class=\"w-text-h\"><i class=\"far fa-file\"><\/i><span class=\"w-text-value\">Stiahnu\u0165 PDF<\/span><\/a><\/div><\/div><\/div><\/div><\/div><\/div><\/div><\/div><\/section>\n","protected":false},"excerpt":{"rendered":"Pre lek\u00e1rov H\u013ead\u00e1te viac inform\u00e1ci\u00ed? Ni\u017e\u0161ie prin\u00e1\u0161ame komplexn\u00fd preh\u013ead informa\u010dn\u00fdch materi\u00e1lov k TRISOMY testom. V pr\u00edpade dopl\u0148uj\u00facich ot\u00e1zok kontaktujte na\u0161ich obchodn\u00fdch medic\u00ednskych reprezentantov, pr\u00edpadne klientske centrum na 0800 003 030 Platn\u00e9 od 1. 5. 2022 TRISOMY test, TRISOMY test XY, TRISOMY test + Stiahnu\u0165 PDFPlatn\u00e9 od 1. 5. 2022 TRISOMY test Complete Stiahnu\u0165 PDFPlatn\u00e9 od...","protected":false},"author":1,"featured_media":0,"parent":0,"menu_order":0,"comment_status":"closed","ping_status":"closed","template":"","meta":{"inline_featured_image":false,"footnotes":""},"class_list":["post-2846","page","type-page","status-publish","hentry"],"acf":[],"_links":{"self":[{"href":"https:\/\/trisomytest.sk\/hu\/wp-json\/wp\/v2\/pages\/2846","targetHints":{"allow":["GET"]}}],"collection":[{"href":"https:\/\/trisomytest.sk\/hu\/wp-json\/wp\/v2\/pages"}],"about":[{"href":"https:\/\/trisomytest.sk\/hu\/wp-json\/wp\/v2\/types\/page"}],"author":[{"embeddable":true,"href":"https:\/\/trisomytest.sk\/hu\/wp-json\/wp\/v2\/users\/1"}],"replies":[{"embeddable":true,"href":"https:\/\/trisomytest.sk\/hu\/wp-json\/wp\/v2\/comments?post=2846"}],"version-history":[{"count":0,"href":"https:\/\/trisomytest.sk\/hu\/wp-json\/wp\/v2\/pages\/2846\/revisions"}],"wp:attachment":[{"href":"https:\/\/trisomytest.sk\/hu\/wp-json\/wp\/v2\/media?parent=2846"}],"curies":[{"name":"wp","href":"https:\/\/api.w.org\/{rel}","templated":true}]}}