{"id":2849,"date":"2022-11-24T10:07:13","date_gmt":"2022-11-24T09:07:13","guid":{"rendered":"https:\/\/trisomytest.sk\/?page_id=2849"},"modified":"2023-02-06T09:47:24","modified_gmt":"2023-02-06T08:47:24","slug":"trisomy-test-2","status":"publish","type":"page","link":"https:\/\/trisomytest.sk\/hu\/trisomy-test-2\/","title":{"rendered":"Trisomy test +"},"content":{"rendered":"<section class=\"l-section wpb_row us_custom_4b890e77 trisomy_header_subpage height_medium\"><div class=\"l-section-h i-cf\"><div class=\"g-cols vc_row via_grid cols_1 laptops-cols_inherit tablets-cols_inherit mobiles-cols_1 valign_top type_default\"><div class=\"wpb_column vc_column_container\"><div class=\"vc_column-inner\"><div class=\"wpb_text_column us_custom_ddb373d6 has_text_color us_animate_this\"><div class=\"wpb_wrapper\"><p>TRISOMY <strong style=\"color: #5abbd1;\">teszt +<\/strong><\/p>\n<\/div><\/div><div class=\"w-image circle_left align_none\"><div class=\"w-image-h\"><img decoding=\"async\" src=\"https:\/\/trisomytest.sk\/wp-content\/uploads\/2022\/11\/Ellipse-1853_blue.svg\" class=\"attachment-full size-full\" alt=\"\" \/><\/div><\/div><div class=\"w-image circle_mid align_none\"><div class=\"w-image-h\"><img decoding=\"async\" src=\"https:\/\/trisomytest.sk\/wp-content\/uploads\/2022\/11\/Ellipse-1854_blue.svg\" class=\"attachment-full size-full\" alt=\"\" \/><\/div><\/div><div class=\"w-image circle_right align_none\"><div class=\"w-image-h\"><img decoding=\"async\" src=\"https:\/\/trisomytest.sk\/wp-content\/uploads\/2022\/11\/Ellipse-1853_blue.svg\" class=\"attachment-full size-full\" alt=\"\" \/><\/div><\/div><\/div><\/div><\/div><\/div><\/section><section class=\"l-section wpb_row height_medium\"><div class=\"l-section-h i-cf\"><div class=\"g-cols vc_row via_grid cols_1 laptops-cols_inherit tablets-cols_inherit mobiles-cols_1 valign_top type_default\"><div class=\"wpb_column vc_column_container\"><div class=\"vc_column-inner\"><div class=\"g-cols wpb_row us_custom_090e1555 via_grid cols_2-1 laptops-cols_inherit tablets-cols_inherit mobiles-cols_1 valign_top type_default\"><div class=\"wpb_column vc_column_container\"><div class=\"vc_column-inner\"><div class=\"wpb_text_column us_custom_8ba52b53 us_animate_this\"><div class=\"wpb_wrapper\"><h3>A tesztr\u0151l<\/h3>\n<\/div><\/div><div class=\"wpb_text_column us_custom_c18ef418 us_animate_this\"><div class=\"wpb_wrapper\"><p>A <strong>TRISOMY<\/strong> <strong style=\"color: #5abbd1;\">teszt +<\/strong> egy kieg\u00e9sz\u00edt\u0151 genetikai laborat\u00f3riumi vizsg\u00e1lat, amely t\u00f6bb kromosz\u00f3ma-rendelleness\u00e9get k\u00e9pes kimutatni, mint a TRISOMY teszt \u00e9s a TRISOMY XY teszt. Kimutatja a 21-es, 18-as \u00e9s 13-as kromosz\u00f3ma trisz\u00f3mi\u00e1j\u00e1nak kock\u00e1zat\u00e1t, a nemi kromosz\u00f3m\u00e1k sz\u00e1m\u00e1nak zavarait \u00e9s a kromosz\u00f3m\u00e1k kiv\u00e1lasztott mikrodel\u00e9ci\u00f3it, amelyekben a kromosz\u00f3ma egy r\u00e9sze hi\u00e1nyzik. A TRISOMY teszt + a magzat kromosz\u00f3m\u00e1lis nem\u00e9t is meghat\u00e1rozza. <span style=\"text-decoration: underline;\"><a style=\"color: #53516a; text-decoration: underline;\" href=\"https:\/\/trisomytest.sk\/hu\/tajekoztatas-a-genetikai-laboratoriumi-vizsgalatrol\/\">A vizsg\u00e1lat megrendel\u00e9se el\u0151tt meg kell ismerni az aktu\u00e1lis Genetikai laborat\u00f3riumi vizsg\u00e1lati t\u00e1j\u00e9koztat\u00f3t<\/a><\/span>.<\/p>\n<\/div><\/div><\/div><\/div><div class=\"wpb_column vc_column_container\"><div class=\"vc_column-inner\"><div class=\"w-vwrapper us_custom_d3024111 us_animate_this align_center valign_middle\" style=\"--vwrapper-gap:15px\"><div class=\"wpb_text_column us_custom_d637c71e has_text_color\"><div class=\"wpb_wrapper\"><p>A vizsg\u00e1lat \u00e1ra<\/p>\n<\/div><\/div><div class=\"wpb_text_column us_custom_e6e8c81d has_text_color\"><div class=\"wpb_wrapper\"><p>450 \u20ac<\/p>\n<\/div><\/div><\/div><\/div><\/div><\/div><div class=\"wpb_text_column us_custom_58591593 has_text_color us_animate_this\"><div class=\"wpb_wrapper\"><p>Mit fog kimutatni?<\/p>\n<\/div><\/div><div class=\"g-cols wpb_row us_custom_8f2ba1f4 trisomy_detail_columns pinky us_animate_this via_grid cols_3 laptops-cols_inherit tablets-cols_inherit mobiles-cols_1 valign_top type_default\"><div class=\"wpb_column vc_column_container\"><div class=\"vc_column-inner\"><div class=\"wpb_text_column\"><div class=\"wpb_wrapper\"><p>Kiz\u00e1rja a magzati 21-es, 18-as \u00e9s 13-as kromosz\u00f3m\u00e1k sz\u00e1m\u00e1nak gyakori rendelleness\u00e9geit (a Down-, Edwards- \u00e9s Patau-szindr\u00f3ma okai).<\/p>\n<\/div><\/div><\/div><\/div><div class=\"wpb_column vc_column_container\"><div class=\"vc_column-inner\"><div class=\"wpb_text_column\"><div class=\"wpb_wrapper\"><p>A nemi kromosz\u00f3m\u00e1k sz\u00e1m\u00e1nak lehets\u00e9ges elt\u00e9r\u00e9seit (Turner-szindr\u00f3ma oka 45,X;<br \/>\nKlinefelter XXY szindr\u00f3ma \u00e9s XYY \u00e9s XXX szindr\u00f3ma).<\/p>\n<\/div><\/div><\/div><\/div><div class=\"wpb_column vc_column_container\"><div class=\"vc_column-inner\"><div class=\"wpb_text_column\"><div class=\"wpb_wrapper\"><p>Kiz\u00e1rja a lehets\u00e9ges kiv\u00e1lasztott kromosz\u00f3madel\u00e9ci\u00f3kat (DiGeorge-szindr\u00f3ma 22q11, del\u00e9ci\u00f3s szindr\u00f3ma 1p36,<br \/>\nPrader-Willi \u00e9s Angelman szindr\u00f3ma, Cri-du-chat szindr\u00f3ma, Wolf-Hirschhorn szindr\u00f3ma).<\/p>\n<\/div><\/div><\/div><\/div><\/div><div class=\"g-cols wpb_row us_custom_8f2ba1f4 trisomy_detail_columns last pinky us_animate_this via_grid cols_3 laptops-cols_inherit tablets-cols_inherit mobiles-cols_1 valign_top type_default\"><div class=\"wpb_column vc_column_container\"><div class=\"vc_column-inner\"><div class=\"wpb_text_column\"><div class=\"wpb_wrapper\"><p>Kimutatja a biok\u00e9miai prenat\u00e1lis sz\u0171r\u00e9s esetleges hamis pozit\u00edv eredm\u00e9nyeit.<\/p>\n<\/div><\/div><\/div><\/div><div class=\"wpb_column vc_column_container\"><div class=\"vc_column-inner\"><div class=\"wpb_text_column\"><div class=\"wpb_wrapper\"><p>Minimaliz\u00e1lja az amniocent\u00e9zis (magzatv\u00edz invaz\u00edv mintav\u00e9tele) sz\u00fcks\u00e9gess\u00e9g\u00e9t.<\/p>\n<\/div><\/div><\/div><\/div><div class=\"wpb_column vc_column_container\"><div class=\"vc_column-inner\"><div class=\"wpb_text_column\"><div class=\"wpb_wrapper\"><p>\u00c9rdekl\u0151d\u00e9s eset\u00e9n meghat\u00e1rozza a magzat nem\u00e9t.<\/p>\n<\/div><\/div><\/div><\/div><\/div><\/div><\/div><\/div><\/div><\/section><section class=\"l-section wpb_row us_custom_a2ebf4ae height_medium\"><div class=\"l-section-h i-cf\"><div class=\"g-cols vc_row via_grid cols_1 laptops-cols_inherit tablets-cols_inherit mobiles-cols_1 valign_top type_default\"><div class=\"wpb_column vc_column_container\"><div class=\"vc_column-inner\"><div class=\"w-image us_custom_c4768c53 us_animate_this align_center\"><div class=\"w-image-h\"><img loading=\"lazy\" decoding=\"async\" width=\"1160\" height=\"491\" src=\"https:\/\/trisomytest.sk\/wp-content\/uploads\/2022\/10\/DSC_0791-2.jpg\" class=\"attachment-full size-full\" alt=\"\" srcset=\"https:\/\/trisomytest.sk\/wp-content\/uploads\/2022\/10\/DSC_0791-2.jpg 1160w, https:\/\/trisomytest.sk\/wp-content\/uploads\/2022\/10\/DSC_0791-2-300x127.jpg 300w, https:\/\/trisomytest.sk\/wp-content\/uploads\/2022\/10\/DSC_0791-2-1024x433.jpg 1024w\" sizes=\"auto, (max-width: 1160px) 100vw, 1160px\" \/><\/div><\/div><\/div><\/div><\/div><\/div><\/section><section class=\"l-section wpb_row us_custom_70e1e8ff height_medium\"><div class=\"l-section-h i-cf\"><div class=\"g-cols vc_row via_grid cols_1 laptops-cols_inherit tablets-cols_inherit mobiles-cols_1 valign_top type_default\"><div class=\"wpb_column vc_column_container\"><div class=\"vc_column-inner\"><div class=\"wpb_text_column us_custom_d3f20269 has_text_color us_animate_this\"><div class=\"wpb_wrapper\"><p><strong>TRISOMY <span style=\"color: #5abbd1;\">+ tesztet<\/span><\/strong> a terhes n\u0151 saj\u00e1t k\u00e9r\u00e9s\u00e9re \u00e9s genetikai konzult\u00e1ci\u00f3t k\u00f6vet\u0151en is elv\u00e9geztetheti. A terhess\u00e9g 11. het\u00e9t\u0151l minden n\u0151 sz\u00e1m\u00e1ra alkalmas, ha:<\/p>\n<\/div><\/div><div id=\"ult-carousel-242700809069d25e7007814\" class=\"ult-carousel-wrapper  trisomy_about_slider ult_horizontal\" data-gutter=\"15\" data-rtl=\"false\" ><div class=\"ult-carousel-157808916669d25e70077c5 \" ><div class=\"ult-item-wrap\" data-animation=\"animated no-animation\"><div class=\"wpb_text_column\"><div class=\"wpb_wrapper\"><p>az el\u0151z\u0151 terhess\u00e9gben a magzatban olyan kromosz\u00f3ma rendelleness\u00e9get mutattak ki, amelyet a TRISOMY + teszt vizsg\u00e1l;<\/p>\n<\/div><\/div><\/div><div class=\"ult-item-wrap\" data-animation=\"animated no-animation\"><div class=\"wpb_text_column\"><div class=\"wpb_wrapper\"><p>fokozott a kock\u00e1zata annak, hogy a magzatot a TRISOMY + teszttel vizsg\u00e1lt szindr\u00f3m\u00e1k valamelyike \u00e9rinti, p\u00e9ld\u00e1ul az ultrahang vizsg\u00e1lat eredm\u00e9nye alapj\u00e1n;<\/p>\n<\/div><\/div><\/div><div class=\"ult-item-wrap\" data-animation=\"animated no-animation\"><div class=\"wpb_text_column\"><div class=\"wpb_wrapper\"><p>a klasszikus TRISOMY tesztt\u0151l elt\u00e9r\u0151 kromosz\u00f3m\u00e1k trisz\u00f3mi\u00e1inak\/monosz\u00f3mi\u00e1inak kimutat\u00e1sa sz\u00fcks\u00e9ges,<\/p>\n<\/div><\/div><\/div><div class=\"ult-item-wrap\" data-animation=\"animated no-animation\"><div class=\"wpb_text_column\"><div class=\"wpb_wrapper\"><p>szeretn\u00e9 elker\u00fclni az amniocent\u00e9zist, vagy a sz\u00f6v\u0151dm\u00e9nyek nagyobb kock\u00e1zat\u00e1t, amelyek n\u00f6velhetik pl. a spont\u00e1n vet\u00e9l\u00e9s kock\u00e1zat\u00e1t, cs\u00f6kkent v\u00e9ralvad\u00e1st, immuniz\u00e1l\u00e1s kock\u00e1zat\u00e1t v\u00e9rcsoportok \u00f6sszef\u00e9rhetetlens\u00e9ge eset\u00e9n (negat\u00edv Rh-faktor), a terhess\u00e9g 14. \u00e9s 16. hete k\u00f6z\u00f6tti id\u0151szakot, m\u00e9hmi\u00f3m\u00e1t vagy placenta praeviat (intraplacent\u00e1lis placenta).<\/p>\n<\/div><\/div><\/div><\/div><\/div>\t\t\t<script type=\"text\/javascript\">\r\n\t\t\t\tjQuery(document).ready(function ($) {\r\n\t\t\t\t\tif( typeof jQuery('.ult-carousel-157808916669d25e70077c5').slick == \"function\"){\r\n\t\t\t\t\t\t$('.ult-carousel-157808916669d25e70077c5').slick({dots: false,autoplaySpeed: 5000,speed: 300,infinite: false,arrows: true,nextArrow: '<button type=\"button\" role=\"button\" aria-label=\"Next\" style=\"color:#333333; font-size:20px;background:;\" class=\"slick-next circle-bg\"><i class=\"ultsl-arrow-right4\"><\/i><\/button>',prevArrow: '<button type=\"button\" role=\"button\" aria-label=\"Previous\" style=\"color:#333333; font-size:20px;background:;\" class=\"slick-prev circle-bg\"><i class=\"ultsl-arrow-left4\"><\/i><\/button>',slidesToScroll:1,slidesToShow:3,swipe: true,draggable: true,touchMove: true,pauseOnHover: true,pauseOnFocus: false,responsive: [\r\n\t\t\t\t\t\t\t{\r\n\t\t\t\t\t\t\t  breakpoint: 1026,\r\n\t\t\t\t\t\t\t  settings: {\r\n\t\t\t\t\t\t\t\tslidesToShow: 3,\r\n\t\t\t\t\t\t\t\tslidesToScroll: 1,  \r\n\t\t\t\t\t\t\t  }\r\n\t\t\t\t\t\t\t},\r\n\t\t\t\t\t\t\t{\r\n\t\t\t\t\t\t\t  breakpoint: 1025,\r\n\t\t\t\t\t\t\t  settings: {\r\n\t\t\t\t\t\t\t\tslidesToShow: 3,\r\n\t\t\t\t\t\t\t\tslidesToScroll: 1\r\n\t\t\t\t\t\t\t  }\r\n\t\t\t\t\t\t\t},\r\n\t\t\t\t\t\t\t{\r\n\t\t\t\t\t\t\t  breakpoint: 760,\r\n\t\t\t\t\t\t\t  settings: {\r\n\t\t\t\t\t\t\t\tslidesToShow: 1,\r\n\t\t\t\t\t\t\t\tslidesToScroll: 1\r\n\t\t\t\t\t\t\t  }\r\n\t\t\t\t\t\t\t}\r\n\t\t\t\t\t\t],pauseOnDotsHover: true,customPaging: function(slider, i) {\r\n                   return '<i type=\"button\" style= \"color:#333333;\" class=\"ultsl-record\" data-role=\"none\"><\/i>';\r\n                },});\r\n\t\t\t\t\t}\r\n\t\t\t\t});\r\n\t\t\t<\/script>\r\n\t\t\t<div class=\"g-cols wpb_row us_custom_07cac7d0 trisomy_infobox via_grid cols_1 laptops-cols_inherit tablets-cols_inherit mobiles-cols_1 valign_top type_default\"><div class=\"wpb_column vc_column_container\"><div class=\"vc_column-inner\"><div class=\"wpb_text_column\"><div class=\"wpb_wrapper\"><p>A <strong>TRISOMY <span style=\"color: #5abbd1;\">test +<\/span><\/strong>vizsg\u00e1lat nem alkalmazhat\u00f3 t\u00f6bbes terhess\u00e9g eset\u00e9n.<\/p>\n<\/div><\/div><\/div><\/div><\/div><\/div><\/div><\/div><\/div><\/section><section class=\"l-section wpb_row height_medium\"><div class=\"l-section-h i-cf\"><div class=\"g-cols vc_row via_grid cols_1 laptops-cols_inherit tablets-cols_inherit mobiles-cols_1 valign_top type_default\"><div class=\"wpb_column vc_column_container\"><div class=\"vc_column-inner\"><div class=\"wpb_text_column us_custom_9ae915c1 has_text_color\"><div class=\"wpb_wrapper\"><p><strong>Tesztek \u00e1ttekint\u00e9se<\/strong><\/p>\n<\/div><\/div><div id=\"ult-carousel-129606303269d25e70082fc\" class=\"ult-carousel-wrapper  trisomy_about_slider tests ult_horizontal\" data-gutter=\"15\" data-rtl=\"false\" ><div class=\"ult-carousel-328506439969d25e70082dc \" ><div class=\"ult-item-wrap\" data-animation=\"animated no-animation\"><div class=\"g-cols wpb_row us_custom_4a5156de test_box via_grid cols_1 laptops-cols_inherit tablets-cols_inherit mobiles-cols_1 valign_top type_default\"><div class=\"ult-item-wrap\" data-animation=\"animated no-animation\"><div class=\"wpb_column vc_column_container\"><div class=\"vc_column-inner\"><div class=\"ult-item-wrap\" data-animation=\"animated no-animation\"><div class=\"wpb_text_column us_custom_ab561058 title has_text_color\"><div class=\"wpb_wrapper\"><p>TRISOMY <span style=\"color: #e8657c;\">teszt<\/span><\/p>\n<\/div><\/div><\/div><div class=\"ult-item-wrap\" data-animation=\"animated no-animation\"><div class=\"wpb_text_column us_custom_68ba5aa4 link\"><div class=\"wpb_wrapper\"><p><a href=\"\/hu\/trisomy-test\/\">T\u00f6bb<\/a><\/p>\n<\/div><\/div><\/div><\/div><\/div><\/div><\/div><\/div><div class=\"ult-item-wrap\" data-animation=\"animated no-animation\"><div class=\"g-cols wpb_row us_custom_4a5156de test_box purple via_grid cols_1 laptops-cols_inherit tablets-cols_inherit mobiles-cols_1 valign_top type_default\"><div class=\"ult-item-wrap\" data-animation=\"animated no-animation\"><div class=\"wpb_column vc_column_container\"><div class=\"vc_column-inner\"><div class=\"ult-item-wrap\" data-animation=\"animated no-animation\"><div class=\"wpb_text_column us_custom_ab561058 title has_text_color\"><div class=\"wpb_wrapper\"><p>TRISOMY <span style=\"color: #9a87a5;\">teszt XY<\/span><\/p>\n<\/div><\/div><\/div><div class=\"ult-item-wrap\" data-animation=\"animated no-animation\"><div class=\"wpb_text_column us_custom_68ba5aa4 link\"><div class=\"wpb_wrapper\"><p><a href=\"\/hu\/trisomy-test-xy\/\">T\u00f6bb<\/a><\/p>\n<\/div><\/div><\/div><\/div><\/div><\/div><\/div><\/div><div class=\"ult-item-wrap\" data-animation=\"animated no-animation\"><div class=\"g-cols wpb_row us_custom_4a5156de test_box blue via_grid cols_1 laptops-cols_inherit tablets-cols_inherit mobiles-cols_1 valign_top type_default\"><div class=\"ult-item-wrap\" data-animation=\"animated no-animation\"><div class=\"wpb_column vc_column_container\"><div class=\"vc_column-inner\"><div class=\"ult-item-wrap\" data-animation=\"animated no-animation\"><div class=\"wpb_text_column us_custom_ab561058 title has_text_color\"><div class=\"wpb_wrapper\"><p>TRISOMY <span style=\"color: #5abbd1;\">teszt +<\/span><\/p>\n<\/div><\/div><\/div><div class=\"ult-item-wrap\" data-animation=\"animated no-animation\"><div class=\"wpb_text_column us_custom_68ba5aa4 link\"><div class=\"wpb_wrapper\"><p><a href=\"\/hu\/trisomy-test-plus\/\">T\u00f6bb<\/a><\/p>\n<\/div><\/div><\/div><\/div><\/div><\/div><\/div><\/div><div class=\"ult-item-wrap\" data-animation=\"animated no-animation\"><div class=\"g-cols wpb_row us_custom_4a5156de test_box yellow via_grid cols_1 laptops-cols_inherit tablets-cols_inherit mobiles-cols_1 valign_top type_default\"><div class=\"ult-item-wrap\" data-animation=\"animated no-animation\"><div class=\"wpb_column vc_column_container\"><div class=\"vc_column-inner\"><div class=\"ult-item-wrap\" data-animation=\"animated no-animation\"><div class=\"wpb_text_column us_custom_ab561058 title has_text_color\"><div class=\"wpb_wrapper\"><p>TRISOMY <span style=\"color: #bfaf00;\">Teljes teszt <\/span><\/p>\n<\/div><\/div><\/div><div class=\"ult-item-wrap\" data-animation=\"animated no-animation\"><div class=\"wpb_text_column us_custom_68ba5aa4 link\"><div class=\"wpb_wrapper\"><p><a href=\"\/hu\/trisomy-test-complete\/\">T\u00f6bb<\/a><\/p>\n<\/div><\/div><\/div><\/div><\/div><\/div><\/div><\/div><div class=\"ult-item-wrap\" data-animation=\"animated no-animation\"><div class=\"g-cols wpb_row us_custom_4a5156de test_box yellow via_grid cols_1 laptops-cols_inherit tablets-cols_inherit mobiles-cols_1 valign_top type_default\"><div class=\"ult-item-wrap\" data-animation=\"animated no-animation\"><div class=\"wpb_column vc_column_container\"><div class=\"vc_column-inner\"><div class=\"ult-item-wrap\" data-animation=\"animated no-animation\"><div class=\"wpb_text_column us_custom_8e53aad4 title mb8 has_text_color\"><div class=\"wpb_wrapper\"><p><strong>TRISOMY <span style=\"color: #bfaf00;\">Teljes teszt<\/span><\/strong><br \/>\n+CF<\/p>\n<\/div><\/div><\/div><div class=\"ult-item-wrap\" data-animation=\"animated no-animation\"><div class=\"wpb_text_column us_custom_68ba5aa4 link\"><div class=\"wpb_wrapper\"><p><a href=\"\/hu\/trisomy-test-complete-cysticka-fibroza\/\">T\u00f6bb<\/a><\/p>\n<\/div><\/div><\/div><\/div><\/div><\/div><\/div><\/div><div class=\"ult-item-wrap\" data-animation=\"animated no-animation\"><div class=\"g-cols wpb_row us_custom_4a5156de test_box yellow via_grid cols_1 laptops-cols_inherit tablets-cols_inherit mobiles-cols_1 valign_top type_default\"><div class=\"ult-item-wrap\" data-animation=\"animated no-animation\"><div class=\"wpb_column vc_column_container\"><div class=\"vc_column-inner\"><div class=\"ult-item-wrap\" data-animation=\"animated no-animation\"><div class=\"wpb_text_column us_custom_8e53aad4 title mb8 has_text_color\"><div class=\"wpb_wrapper\"><p><strong>TRISOMY <span style=\"color: #bfaf00;\">Teljes teszt<\/span><\/strong><br \/>\n+SLOS<\/p>\n<\/div><\/div><\/div><div class=\"ult-item-wrap\" data-animation=\"animated no-animation\"><div class=\"wpb_text_column us_custom_68ba5aa4 link\"><div class=\"wpb_wrapper\"><p><a href=\"\/hu\/trisomy-test-complete-smithov-lemliho-opitzov-syndrom\/\">T\u00f6bb<\/a><\/p>\n<\/div><\/div><\/div><\/div><\/div><\/div><\/div><\/div><div class=\"ult-item-wrap\" data-animation=\"animated no-animation\"><div class=\"g-cols wpb_row us_custom_4a5156de test_box yellow via_grid cols_1 laptops-cols_inherit tablets-cols_inherit mobiles-cols_1 valign_top type_default\"><div class=\"ult-item-wrap\" data-animation=\"animated no-animation\"><div class=\"wpb_column vc_column_container\"><div class=\"vc_column-inner\"><div class=\"ult-item-wrap\" data-animation=\"animated no-animation\"><div class=\"wpb_text_column us_custom_8e53aad4 title mb8 has_text_color\"><div class=\"wpb_wrapper\"><p><strong>TRISOMY <span style=\"color: #bfaf00;\">Teljes teszt<\/span><\/strong><br \/>\n+CF, +SLOS<\/p>\n<\/div><\/div><\/div><div class=\"ult-item-wrap\" data-animation=\"animated no-animation\"><div class=\"wpb_text_column us_custom_68ba5aa4 link\"><div class=\"wpb_wrapper\"><p><a href=\"\/hu\/trisomy-test-complete-cysticka-fibroza-smithov-lemliho-opitzov-syndrom\/\">T\u00f6bb<\/a><\/p>\n<\/div><\/div><\/div><\/div><\/div><\/div><\/div><\/div><\/div><\/div>\t\t\t<script type=\"text\/javascript\">\r\n\t\t\t\tjQuery(document).ready(function ($) {\r\n\t\t\t\t\tif( typeof jQuery('.ult-carousel-328506439969d25e70082dc').slick == \"function\"){\r\n\t\t\t\t\t\t$('.ult-carousel-328506439969d25e70082dc').slick({dots: false,autoplaySpeed: 5000,speed: 300,infinite: false,arrows: true,nextArrow: '<button type=\"button\" role=\"button\" aria-label=\"Next\" style=\"color:#333333; font-size:20px;background:;\" class=\"slick-next circle-bg\"><i class=\"ultsl-arrow-right4\"><\/i><\/button>',prevArrow: '<button type=\"button\" role=\"button\" aria-label=\"Previous\" style=\"color:#333333; font-size:20px;background:;\" class=\"slick-prev circle-bg\"><i class=\"ultsl-arrow-left4\"><\/i><\/button>',slidesToScroll:1,slidesToShow:4,swipe: true,draggable: true,touchMove: true,pauseOnHover: true,pauseOnFocus: false,responsive: [\r\n\t\t\t\t\t\t\t{\r\n\t\t\t\t\t\t\t  breakpoint: 1026,\r\n\t\t\t\t\t\t\t  settings: {\r\n\t\t\t\t\t\t\t\tslidesToShow: 4,\r\n\t\t\t\t\t\t\t\tslidesToScroll: 1,  \r\n\t\t\t\t\t\t\t  }\r\n\t\t\t\t\t\t\t},\r\n\t\t\t\t\t\t\t{\r\n\t\t\t\t\t\t\t  breakpoint: 1025,\r\n\t\t\t\t\t\t\t  settings: {\r\n\t\t\t\t\t\t\t\tslidesToShow: 3,\r\n\t\t\t\t\t\t\t\tslidesToScroll: 1\r\n\t\t\t\t\t\t\t  }\r\n\t\t\t\t\t\t\t},\r\n\t\t\t\t\t\t\t{\r\n\t\t\t\t\t\t\t  breakpoint: 760,\r\n\t\t\t\t\t\t\t  settings: {\r\n\t\t\t\t\t\t\t\tslidesToShow: 1,\r\n\t\t\t\t\t\t\t\tslidesToScroll: 1\r\n\t\t\t\t\t\t\t  }\r\n\t\t\t\t\t\t\t}\r\n\t\t\t\t\t\t],pauseOnDotsHover: true,customPaging: function(slider, i) {\r\n                   return '<i type=\"button\" style= \"color:#333333;\" class=\"ultsl-record\" data-role=\"none\"><\/i>';\r\n                },});\r\n\t\t\t\t\t}\r\n\t\t\t\t});\r\n\t\t\t<\/script>\r\n\t\t\t<\/div><\/div><\/div><\/div><\/section>\n","protected":false},"excerpt":{"rendered":"TRISOMY teszt + A tesztr\u0151l A TRISOMY teszt + egy kieg\u00e9sz\u00edt\u0151 genetikai laborat\u00f3riumi vizsg\u00e1lat, amely t\u00f6bb kromosz\u00f3ma-rendelleness\u00e9get k\u00e9pes kimutatni, mint a TRISOMY teszt \u00e9s a TRISOMY XY teszt. Kimutatja a 21-es, 18-as \u00e9s 13-as kromosz\u00f3ma trisz\u00f3mi\u00e1j\u00e1nak kock\u00e1zat\u00e1t, a nemi kromosz\u00f3m\u00e1k sz\u00e1m\u00e1nak zavarait \u00e9s a kromosz\u00f3m\u00e1k kiv\u00e1lasztott mikrodel\u00e9ci\u00f3it, amelyekben a kromosz\u00f3ma egy r\u00e9sze hi\u00e1nyzik. A TRISOMY...","protected":false},"author":1,"featured_media":0,"parent":0,"menu_order":0,"comment_status":"closed","ping_status":"closed","template":"","meta":{"inline_featured_image":false,"footnotes":""},"class_list":["post-2849","page","type-page","status-publish","hentry"],"acf":[],"_links":{"self":[{"href":"https:\/\/trisomytest.sk\/hu\/wp-json\/wp\/v2\/pages\/2849","targetHints":{"allow":["GET"]}}],"collection":[{"href":"https:\/\/trisomytest.sk\/hu\/wp-json\/wp\/v2\/pages"}],"about":[{"href":"https:\/\/trisomytest.sk\/hu\/wp-json\/wp\/v2\/types\/page"}],"author":[{"embeddable":true,"href":"https:\/\/trisomytest.sk\/hu\/wp-json\/wp\/v2\/users\/1"}],"replies":[{"embeddable":true,"href":"https:\/\/trisomytest.sk\/hu\/wp-json\/wp\/v2\/comments?post=2849"}],"version-history":[{"count":0,"href":"https:\/\/trisomytest.sk\/hu\/wp-json\/wp\/v2\/pages\/2849\/revisions"}],"wp:attachment":[{"href":"https:\/\/trisomytest.sk\/hu\/wp-json\/wp\/v2\/media?parent=2849"}],"curies":[{"name":"wp","href":"https:\/\/api.w.org\/{rel}","templated":true}]}}