{"id":2851,"date":"2022-12-28T09:06:48","date_gmt":"2022-12-28T08:06:48","guid":{"rendered":"https:\/\/trisomytest.sk\/?page_id=2851"},"modified":"2023-01-30T09:16:40","modified_gmt":"2023-01-30T08:16:40","slug":"trisomy-test-complete-cysticka-fibroza","status":"publish","type":"page","link":"https:\/\/trisomytest.sk\/hu\/trisomy-test-complete-cysticka-fibroza\/","title":{"rendered":"TRISOMY test Complete  +Ciszt\u00e1s fibr\u00f3zis"},"content":{"rendered":"<section class=\"l-section wpb_row us_custom_9174db71 trisomy_header_subpage height_medium\"><div class=\"l-section-h i-cf\"><div class=\"g-cols vc_row via_grid cols_1 laptops-cols_inherit tablets-cols_inherit mobiles-cols_1 valign_top type_default\"><div class=\"wpb_column vc_column_container\"><div class=\"vc_column-inner\"><div class=\"wpb_text_column us_custom_ddb373d6 has_text_color us_animate_this\"><div class=\"wpb_wrapper\"><p>TRISOMY<strong style=\"color: #bfaf00;\">\u00a0Teljes teszt <\/strong><\/p>\n<\/div><\/div><div class=\"wpb_text_column us_custom_f027723e has_text_color us_animate_this\"><div class=\"wpb_wrapper\"><p>+Ciszt\u00e1s fibr\u00f3zis<\/p>\n<\/div><\/div><div class=\"w-image circle_left align_none\"><div class=\"w-image-h\"><img decoding=\"async\" src=\"https:\/\/trisomytest.sk\/wp-content\/uploads\/2022\/11\/Ellipse-1853_y.svg\" class=\"attachment-full size-full\" alt=\"\" \/><\/div><\/div><div class=\"w-image circle_mid align_none\"><div class=\"w-image-h\"><img decoding=\"async\" src=\"https:\/\/trisomytest.sk\/wp-content\/uploads\/2022\/11\/Ellipse-1852_y.svg\" class=\"attachment-full size-full\" alt=\"\" \/><\/div><\/div><div class=\"w-image circle_right align_none\"><div class=\"w-image-h\"><img decoding=\"async\" src=\"https:\/\/trisomytest.sk\/wp-content\/uploads\/2022\/11\/Ellipse-1854_y.svg\" class=\"attachment-full size-full\" alt=\"\" \/><\/div><\/div><\/div><\/div><\/div><\/div><\/section><section class=\"l-section wpb_row height_medium\"><div class=\"l-section-h i-cf\"><div class=\"g-cols vc_row via_grid cols_1 laptops-cols_inherit tablets-cols_inherit mobiles-cols_1 valign_top type_default\"><div class=\"wpb_column vc_column_container\"><div class=\"vc_column-inner\"><div class=\"g-cols wpb_row us_custom_090e1555 via_grid cols_2-1 laptops-cols_inherit tablets-cols_inherit mobiles-cols_1 valign_top type_default\"><div class=\"wpb_column vc_column_container\"><div class=\"vc_column-inner\"><div class=\"wpb_text_column us_custom_8ba52b53 us_animate_this\"><div class=\"wpb_wrapper\"><h3>A tesztr\u0151l<\/h3>\n<\/div><\/div><div class=\"wpb_text_column us_custom_c18ef418 us_animate_this\"><div class=\"wpb_wrapper\"><p>A <strong>TRISOMY<\/strong> <strong style=\"color: #bfaf00;\">Teljes teszt\u00a0<\/strong><strong>+Ciszt\u00e1s fibr\u00f3zis <\/strong>&#8211; egy kieg\u00e9sz\u00edt\u0151 vizsg\u00e1lat, amely a TRISOMY Teljes teszt mell\u00e9 rendelhet\u0151. Ez egy kiterjesztett vizsg\u00e1lat a CFTR g\u00e9n leggyakoribb F508del mut\u00e1ci\u00f3j\u00e1nak kimutat\u00e1s\u00e1ra, amely a ciszt\u00e1s fibr\u00f3zist okozza, amely az egyik leggyakoribb s\u00falyos \u00f6r\u00f6kletes betegs\u00e9g. <span style=\"text-decoration: underline;\"><a style=\"color: #53516a; text-decoration: underline;\" href=\"https:\/\/trisomytest.sk\/hu\/tajekoztatas-a-genetikai-laboratoriumi-vizsgalatrol\/\">A vizsg\u00e1lat megrendel\u00e9se el\u0151tt meg kell ismerni az aktu\u00e1lis Genetikai laborat\u00f3riumi vizsg\u00e1lati t\u00e1j\u00e9koztat\u00f3t<\/a><\/span>.<\/p>\n<\/div><\/div><\/div><\/div><div class=\"wpb_column vc_column_container\"><div class=\"vc_column-inner\"><div class=\"w-vwrapper us_custom_e50702a8 us_animate_this align_center valign_middle\" style=\"--vwrapper-gap:15px\"><div class=\"wpb_text_column us_custom_d637c71e has_text_color\"><div class=\"wpb_wrapper\"><p>A vizsg\u00e1lat \u00e1ra<\/p>\n<\/div><\/div><div class=\"wpb_text_column us_custom_e6e8c81d has_text_color\"><div class=\"wpb_wrapper\"><p>590 \u20ac<\/p>\n<\/div><\/div><\/div><\/div><\/div><\/div><div class=\"w-hwrapper us_custom_5ccac5d2 align_none valign_top wrap\"><div class=\"w-btn-wrapper align_none\"><a class=\"w-btn us-btn-style_6 icon_atright\" href=\"https:\/\/trisomytest.sk\/hu\/kromoszoma-rendellenessegek\/\"><span class=\"w-btn-label\">kromosz\u00f3ma rendelleness\u00e9gek<\/span><i class=\"fas fa-chevron-right\"><\/i><\/a><\/div><div class=\"w-btn-wrapper align_none\"><a class=\"w-btn us-btn-style_6 icon_atright\" href=\"https:\/\/trisomytest.sk\/hu\/orokletes-betegsegek\/\"><span class=\"w-btn-label\">\u00f6r\u00f6kletes betegs\u00e9gek<\/span><i class=\"fas fa-chevron-right\"><\/i><\/a><\/div><\/div><div class=\"wpb_text_column us_custom_58591593 has_text_color us_animate_this\"><div class=\"wpb_wrapper\"><p>Mit fog kimutatni?<\/p>\n<\/div><\/div><div class=\"g-cols wpb_row us_custom_8f2ba1f4 trisomy_detail_columns us_animate_this via_grid cols_3 laptops-cols_inherit tablets-cols_inherit mobiles-cols_1 valign_top type_default\"><div class=\"wpb_column vc_column_container\"><div class=\"vc_column-inner\"><div class=\"wpb_text_column\"><div class=\"wpb_wrapper\"><p>A magzat DNS-\u00e9nek r\u00e9szletes elemz\u00e9s\u00e9nek k\u00f6sz\u00f6nhet\u0151en mind a 23 kromosz\u00f3map\u00e1r genetikai anyag\u00e1nak gyakoris\u00e1g\u00e1ban \u00e9s mennyis\u00e9g\u00e9ben rendelleness\u00e9geket t\u00e1r fel, mind a teljes kromosz\u00f3ma, mind a szubkromosz\u00f3ma szintj\u00e9n.<\/p>\n<\/div><\/div><\/div><\/div><div class=\"wpb_column vc_column_container\"><div class=\"vc_column-inner\"><div class=\"wpb_text_column\"><div class=\"wpb_wrapper\"><p>A magzat DNS-\u00e9nek r\u00e9szletes elemz\u00e9s\u00e9nek k\u00f6sz\u00f6nhet\u0151en mind a 23 kromosz\u00f3map\u00e1r genetikai anyag\u00e1nak gyakoris\u00e1g\u00e1ban \u00e9s mennyis\u00e9g\u00e9ben rendelleness\u00e9geket t\u00e1r fel, mind a teljes kromosz\u00f3ma, mind a szubkromosz\u00f3ma szintj\u00e9n.<\/p>\n<\/div><\/div><\/div><\/div><div class=\"wpb_column vc_column_container\"><div class=\"vc_column-inner\"><div class=\"wpb_text_column\"><div class=\"wpb_wrapper\"><p>A teszt k\u00e9pes kimutatni a del\u00e9ci\u00f3kat \u00e9s a duplik\u00e1ci\u00f3kat, amelyek t\u00f6bbnyire klinikailag jelent\u0151s magzati rendelleness\u00e9gekhez kapcsol\u00f3dnak. Ezek m\u00e1s, \u00e1ltal\u00e1nosan haszn\u00e1lt prenat\u00e1lis sz\u0171r\u00e9si m\u00f3dszerekkel nem mutathat\u00f3k ki.<\/p>\n<\/div><\/div><\/div><\/div><\/div><div class=\"g-cols wpb_row us_custom_8f2ba1f4 trisomy_detail_columns last us_animate_this via_grid cols_3 laptops-cols_inherit tablets-cols_inherit mobiles-cols_1 valign_top type_default\"><div class=\"wpb_column vc_column_container\"><div class=\"vc_column-inner\"><div class=\"wpb_text_column\"><div class=\"wpb_wrapper\"><p>Kimutatja a biok\u00e9miai prenat\u00e1lis sz\u0171r\u00e9s esetleges hamis pozit\u00edv eredm\u00e9nyeit.<br \/>\nMinimaliz\u00e1lja az amniocent\u00e9zis (magzatv\u00edz invaz\u00edv mintav\u00e9tele) sz\u00fcks\u00e9gess\u00e9g\u00e9t.<\/p>\n<\/div><\/div><\/div><\/div><div class=\"wpb_column vc_column_container\"><div class=\"vc_column-inner\"><div class=\"wpb_text_column\"><div class=\"wpb_wrapper\"><p>Az F508del mut\u00e1ci\u00f3 jelenl\u00e9te a CFTR g\u00e9nben, amely a leggyakoribb ciszt\u00e1s fibr\u00f3zist okoz\u00f3 mut\u00e1ci\u00f3 a kauk\u00e1zusi popul\u00e1ci\u00f3ban.<\/p>\n<\/div><\/div><\/div><\/div><div class=\"wpb_column vc_column_container\"><div class=\"vc_column-inner\"><div class=\"wpb_text_column\"><div class=\"wpb_wrapper\"><p>\u00c9rdekl\u0151d\u00e9s eset\u00e9n meghat\u00e1rozza a magzat nem\u00e9t.<\/p>\n<\/div><\/div><\/div><\/div><\/div><\/div><\/div><\/div><\/div><\/section><section class=\"l-section wpb_row us_custom_a2ebf4ae height_medium\"><div class=\"l-section-h i-cf\"><div class=\"g-cols vc_row via_grid cols_1 laptops-cols_inherit tablets-cols_inherit mobiles-cols_1 valign_top type_default\"><div class=\"wpb_column vc_column_container\"><div class=\"vc_column-inner\"><div class=\"w-image us_custom_c4768c53 us_animate_this align_center\"><div class=\"w-image-h\"><img loading=\"lazy\" decoding=\"async\" width=\"1160\" height=\"491\" src=\"https:\/\/trisomytest.sk\/wp-content\/uploads\/2022\/12\/DSC_0791-2-2.png\" class=\"attachment-full size-full\" alt=\"\" srcset=\"https:\/\/trisomytest.sk\/wp-content\/uploads\/2022\/12\/DSC_0791-2-2.png 1160w, https:\/\/trisomytest.sk\/wp-content\/uploads\/2022\/12\/DSC_0791-2-2-300x127.png 300w, https:\/\/trisomytest.sk\/wp-content\/uploads\/2022\/12\/DSC_0791-2-2-1024x433.png 1024w\" sizes=\"auto, (max-width: 1160px) 100vw, 1160px\" \/><\/div><\/div><\/div><\/div><\/div><\/div><\/section><section class=\"l-section wpb_row us_custom_5ddb8384 height_medium\"><div class=\"l-section-h i-cf\"><div class=\"g-cols vc_row via_grid cols_1 laptops-cols_inherit tablets-cols_inherit mobiles-cols_1 valign_top type_default\"><div class=\"wpb_column vc_column_container\"><div class=\"vc_column-inner\"><div class=\"wpb_text_column us_custom_5c2354b1 has_text_color us_animate_this\"><div class=\"wpb_wrapper\"><p>A <strong>TRISOMY<\/strong> <strong style=\"color: #bfaf00;\">Teljes tesztet<\/strong> +Ciszt\u00e1s fibr\u00f3zis-t a terhes n\u0151 saj\u00e1t k\u00e9r\u00e9s\u00e9re \u00e9s genetikai konzult\u00e1ci\u00f3t k\u00f6vet\u0151en is elv\u00e9geztetheti. A terhess\u00e9g 11. het\u00e9t\u0151l minden n\u0151 sz\u00e1m\u00e1ra alkalmas, ha:<\/p>\n<\/div><\/div><div id=\"ult-carousel-21052869316a01ebd77e3a6\" class=\"ult-carousel-wrapper  trisomy_about_slider ult_horizontal\" data-gutter=\"15\" data-rtl=\"false\" ><div class=\"ult-carousel-33608658156a01ebd77e35d \" ><div class=\"ult-item-wrap\" data-animation=\"animated no-animation\"><div class=\"wpb_text_column\"><div class=\"wpb_wrapper\"><p>megb\u00edzhat\u00f3an ki akarja z\u00e1rni egy teszttel kimutathat\u00f3 kromosz\u00f3ma rendelleness\u00e9g vagy mut\u00e1ci\u00f3 lehets\u00e9ges jelenl\u00e9t\u00e9t a magzatban;<\/p>\n<\/div><\/div><\/div><div class=\"ult-item-wrap\" data-animation=\"animated no-animation\"><div class=\"wpb_text_column\"><div class=\"wpb_wrapper\"><p>mesters\u00e9ges megterm\u00e9keny\u00edt\u00e9ssel esett teherbe;<\/p>\n<\/div><\/div><\/div><div class=\"ult-item-wrap\" data-animation=\"animated no-animation\"><div class=\"wpb_text_column\"><div class=\"wpb_wrapper\"><p>kor\u00e1bban bizony\u00edtottan kromosz\u00f3mabetegs\u00e9gben szenved\u0151 magzata volt;<\/p>\n<\/div><\/div><\/div><\/div><\/div>\t\t\t<script type=\"text\/javascript\">\r\n\t\t\t\tjQuery(document).ready(function ($) {\r\n\t\t\t\t\tif( typeof jQuery('.ult-carousel-33608658156a01ebd77e35d').slick == \"function\"){\r\n\t\t\t\t\t\t$('.ult-carousel-33608658156a01ebd77e35d').slick({dots: false,autoplaySpeed: 5000,speed: 300,infinite: false,arrows: true,nextArrow: '<button type=\"button\" role=\"button\" aria-label=\"Next\" style=\"color:#333333; font-size:20px;background:;\" class=\"slick-next circle-bg\"><i class=\"ultsl-arrow-right4\"><\/i><\/button>',prevArrow: '<button type=\"button\" role=\"button\" aria-label=\"Previous\" style=\"color:#333333; font-size:20px;background:;\" class=\"slick-prev circle-bg\"><i class=\"ultsl-arrow-left4\"><\/i><\/button>',slidesToScroll:1,slidesToShow:3,swipe: true,draggable: true,touchMove: true,pauseOnHover: true,pauseOnFocus: false,responsive: [\r\n\t\t\t\t\t\t\t{\r\n\t\t\t\t\t\t\t  breakpoint: 1026,\r\n\t\t\t\t\t\t\t  settings: {\r\n\t\t\t\t\t\t\t\tslidesToShow: 3,\r\n\t\t\t\t\t\t\t\tslidesToScroll: 1,  \r\n\t\t\t\t\t\t\t  }\r\n\t\t\t\t\t\t\t},\r\n\t\t\t\t\t\t\t{\r\n\t\t\t\t\t\t\t  breakpoint: 1025,\r\n\t\t\t\t\t\t\t  settings: {\r\n\t\t\t\t\t\t\t\tslidesToShow: 3,\r\n\t\t\t\t\t\t\t\tslidesToScroll: 1\r\n\t\t\t\t\t\t\t  }\r\n\t\t\t\t\t\t\t},\r\n\t\t\t\t\t\t\t{\r\n\t\t\t\t\t\t\t  breakpoint: 760,\r\n\t\t\t\t\t\t\t  settings: {\r\n\t\t\t\t\t\t\t\tslidesToShow: 1,\r\n\t\t\t\t\t\t\t\tslidesToScroll: 1\r\n\t\t\t\t\t\t\t  }\r\n\t\t\t\t\t\t\t}\r\n\t\t\t\t\t\t],pauseOnDotsHover: true,customPaging: function(slider, i) {\r\n                   return '<i type=\"button\" style= \"color:#333333;\" class=\"ultsl-record\" data-role=\"none\"><\/i>';\r\n                },});\r\n\t\t\t\t\t}\r\n\t\t\t\t});\r\n\t\t\t<\/script>\r\n\t\t\t<div class=\"g-cols wpb_row us_custom_07cac7d0 trisomy_infobox via_grid cols_1 laptops-cols_inherit tablets-cols_inherit mobiles-cols_1 valign_top type_default\"><div class=\"wpb_column vc_column_container\"><div class=\"vc_column-inner\"><div class=\"wpb_text_column\"><div class=\"wpb_wrapper\"><p>A <strong>TRISOMY<\/strong> <strong style=\"color: #bfaf00;\">Teljes teszt<\/strong> vizsg\u00e1lat assziszt\u00e1lt reprodukci\u00f3s technik\u00e1kkal v\u00e9gzett terhess\u00e9gek eset\u00e9n is alkalmazhat\u00f3, ide\u00e9rtve az adom\u00e1nyozott ivarsejteket is (n\u0151ben a pete, f\u00e9rfiban spermium), de t\u00f6bbes terhess\u00e9gben nem.<\/p>\n<\/div><\/div><\/div><\/div><\/div><\/div><\/div><\/div><\/div><\/section><section class=\"l-section wpb_row height_medium\"><div class=\"l-section-h i-cf\"><div class=\"g-cols vc_row via_grid cols_1 laptops-cols_inherit tablets-cols_inherit mobiles-cols_1 valign_top type_default\"><div class=\"wpb_column vc_column_container\"><div class=\"vc_column-inner\"><div class=\"wpb_text_column us_custom_9ae915c1 has_text_color\"><div class=\"wpb_wrapper\"><p><strong>Tesztek \u00e1ttekint\u00e9se<\/strong><\/p>\n<\/div><\/div><div id=\"ult-carousel-5281450516a01ebd77ec90\" class=\"ult-carousel-wrapper  trisomy_about_slider tests ult_horizontal\" data-gutter=\"15\" data-rtl=\"false\" ><div class=\"ult-carousel-15160855856a01ebd77ec74 \" ><div class=\"ult-item-wrap\" data-animation=\"animated no-animation\"><div class=\"g-cols wpb_row us_custom_4a5156de test_box via_grid cols_1 laptops-cols_inherit tablets-cols_inherit mobiles-cols_1 valign_top type_default\"><div class=\"ult-item-wrap\" data-animation=\"animated no-animation\"><div class=\"wpb_column vc_column_container\"><div class=\"vc_column-inner\"><div class=\"ult-item-wrap\" data-animation=\"animated no-animation\"><div class=\"wpb_text_column us_custom_ab561058 title has_text_color\"><div class=\"wpb_wrapper\"><p>TRISOMY <span style=\"color: #e8657c;\">teszt<\/span><\/p>\n<\/div><\/div><\/div><div class=\"ult-item-wrap\" data-animation=\"animated no-animation\"><div class=\"wpb_text_column us_custom_68ba5aa4 link\"><div class=\"wpb_wrapper\"><p><a href=\"\/hu\/trisomy-test\/\">T\u00f6bb<\/a><\/p>\n<\/div><\/div><\/div><\/div><\/div><\/div><\/div><\/div><div class=\"ult-item-wrap\" data-animation=\"animated no-animation\"><div class=\"g-cols wpb_row us_custom_4a5156de test_box purple via_grid cols_1 laptops-cols_inherit tablets-cols_inherit mobiles-cols_1 valign_top type_default\"><div class=\"ult-item-wrap\" data-animation=\"animated no-animation\"><div class=\"wpb_column vc_column_container\"><div class=\"vc_column-inner\"><div class=\"ult-item-wrap\" data-animation=\"animated no-animation\"><div class=\"wpb_text_column us_custom_ab561058 title has_text_color\"><div class=\"wpb_wrapper\"><p>TRISOMY <span style=\"color: #9a87a5;\">teszt XY<\/span><\/p>\n<\/div><\/div><\/div><div class=\"ult-item-wrap\" data-animation=\"animated no-animation\"><div class=\"wpb_text_column us_custom_68ba5aa4 link\"><div class=\"wpb_wrapper\"><p><a href=\"\/hu\/trisomy-test-xy\/\">T\u00f6bb<\/a><\/p>\n<\/div><\/div><\/div><\/div><\/div><\/div><\/div><\/div><div class=\"ult-item-wrap\" data-animation=\"animated no-animation\"><div class=\"g-cols wpb_row us_custom_4a5156de test_box blue via_grid cols_1 laptops-cols_inherit tablets-cols_inherit mobiles-cols_1 valign_top type_default\"><div class=\"ult-item-wrap\" data-animation=\"animated no-animation\"><div class=\"wpb_column vc_column_container\"><div class=\"vc_column-inner\"><div class=\"ult-item-wrap\" data-animation=\"animated no-animation\"><div class=\"wpb_text_column us_custom_ab561058 title has_text_color\"><div class=\"wpb_wrapper\"><p>TRISOMY <span style=\"color: #5abbd1;\">teszt +<\/span><\/p>\n<\/div><\/div><\/div><div class=\"ult-item-wrap\" data-animation=\"animated no-animation\"><div class=\"wpb_text_column us_custom_68ba5aa4 link\"><div class=\"wpb_wrapper\"><p><a href=\"\/hu\/trisomy-test-plus\/\">T\u00f6bb<\/a><\/p>\n<\/div><\/div><\/div><\/div><\/div><\/div><\/div><\/div><div class=\"ult-item-wrap\" data-animation=\"animated no-animation\"><div class=\"g-cols wpb_row us_custom_4a5156de test_box yellow via_grid cols_1 laptops-cols_inherit tablets-cols_inherit mobiles-cols_1 valign_top type_default\"><div class=\"ult-item-wrap\" data-animation=\"animated no-animation\"><div class=\"wpb_column vc_column_container\"><div class=\"vc_column-inner\"><div class=\"ult-item-wrap\" data-animation=\"animated no-animation\"><div class=\"wpb_text_column us_custom_ab561058 title has_text_color\"><div class=\"wpb_wrapper\"><p>TRISOMY <span style=\"color: #bfaf00;\">Teljes teszt <\/span><\/p>\n<\/div><\/div><\/div><div class=\"ult-item-wrap\" data-animation=\"animated no-animation\"><div class=\"wpb_text_column us_custom_68ba5aa4 link\"><div class=\"wpb_wrapper\"><p><a href=\"\/hu\/trisomy-test-complete\/\">T\u00f6bb<\/a><\/p>\n<\/div><\/div><\/div><\/div><\/div><\/div><\/div><\/div><div class=\"ult-item-wrap\" data-animation=\"animated no-animation\"><div class=\"g-cols wpb_row us_custom_4a5156de test_box yellow via_grid cols_1 laptops-cols_inherit tablets-cols_inherit mobiles-cols_1 valign_top type_default\"><div class=\"ult-item-wrap\" data-animation=\"animated no-animation\"><div class=\"wpb_column vc_column_container\"><div class=\"vc_column-inner\"><div class=\"ult-item-wrap\" data-animation=\"animated no-animation\"><div class=\"wpb_text_column us_custom_8e53aad4 title mb8 has_text_color\"><div class=\"wpb_wrapper\"><p><strong>TRISOMY <span style=\"color: #bfaf00;\">Teljes teszt<\/span><\/strong><br \/>\n+CF<\/p>\n<\/div><\/div><\/div><div class=\"ult-item-wrap\" data-animation=\"animated no-animation\"><div class=\"wpb_text_column us_custom_68ba5aa4 link\"><div class=\"wpb_wrapper\"><p><a href=\"\/hu\/trisomy-test-complete-cysticka-fibroza\/\">T\u00f6bb<\/a><\/p>\n<\/div><\/div><\/div><\/div><\/div><\/div><\/div><\/div><div class=\"ult-item-wrap\" data-animation=\"animated no-animation\"><div class=\"g-cols wpb_row us_custom_4a5156de test_box yellow via_grid cols_1 laptops-cols_inherit tablets-cols_inherit mobiles-cols_1 valign_top type_default\"><div class=\"ult-item-wrap\" data-animation=\"animated no-animation\"><div class=\"wpb_column vc_column_container\"><div class=\"vc_column-inner\"><div class=\"ult-item-wrap\" data-animation=\"animated no-animation\"><div class=\"wpb_text_column us_custom_8e53aad4 title mb8 has_text_color\"><div class=\"wpb_wrapper\"><p><strong>TRISOMY <span style=\"color: #bfaf00;\">Teljes teszt<\/span><\/strong><br \/>\n+SLOS<\/p>\n<\/div><\/div><\/div><div class=\"ult-item-wrap\" data-animation=\"animated no-animation\"><div class=\"wpb_text_column us_custom_68ba5aa4 link\"><div class=\"wpb_wrapper\"><p><a href=\"\/hu\/trisomy-test-complete-smithov-lemliho-opitzov-syndrom\/\">T\u00f6bb<\/a><\/p>\n<\/div><\/div><\/div><\/div><\/div><\/div><\/div><\/div><div class=\"ult-item-wrap\" data-animation=\"animated no-animation\"><div class=\"g-cols wpb_row us_custom_4a5156de test_box yellow via_grid cols_1 laptops-cols_inherit tablets-cols_inherit mobiles-cols_1 valign_top type_default\"><div class=\"ult-item-wrap\" data-animation=\"animated no-animation\"><div class=\"wpb_column vc_column_container\"><div class=\"vc_column-inner\"><div class=\"ult-item-wrap\" data-animation=\"animated no-animation\"><div class=\"wpb_text_column us_custom_8e53aad4 title mb8 has_text_color\"><div class=\"wpb_wrapper\"><p><strong>TRISOMY <span style=\"color: #bfaf00;\">Teljes teszt<\/span><\/strong><br \/>\n+CF, +SLOS<\/p>\n<\/div><\/div><\/div><div class=\"ult-item-wrap\" data-animation=\"animated no-animation\"><div class=\"wpb_text_column us_custom_68ba5aa4 link\"><div class=\"wpb_wrapper\"><p><a href=\"\/hu\/trisomy-test-complete-cysticka-fibroza-smithov-lemliho-opitzov-syndrom\/\">T\u00f6bb<\/a><\/p>\n<\/div><\/div><\/div><\/div><\/div><\/div><\/div><\/div><\/div><\/div>\t\t\t<script type=\"text\/javascript\">\r\n\t\t\t\tjQuery(document).ready(function ($) {\r\n\t\t\t\t\tif( typeof jQuery('.ult-carousel-15160855856a01ebd77ec74').slick == \"function\"){\r\n\t\t\t\t\t\t$('.ult-carousel-15160855856a01ebd77ec74').slick({dots: false,autoplaySpeed: 5000,speed: 300,infinite: false,arrows: true,nextArrow: '<button type=\"button\" role=\"button\" aria-label=\"Next\" style=\"color:#333333; font-size:20px;background:;\" class=\"slick-next circle-bg\"><i class=\"ultsl-arrow-right4\"><\/i><\/button>',prevArrow: '<button type=\"button\" role=\"button\" aria-label=\"Previous\" style=\"color:#333333; font-size:20px;background:;\" class=\"slick-prev circle-bg\"><i class=\"ultsl-arrow-left4\"><\/i><\/button>',slidesToScroll:1,slidesToShow:4,swipe: true,draggable: true,touchMove: true,pauseOnHover: true,pauseOnFocus: false,responsive: [\r\n\t\t\t\t\t\t\t{\r\n\t\t\t\t\t\t\t  breakpoint: 1026,\r\n\t\t\t\t\t\t\t  settings: {\r\n\t\t\t\t\t\t\t\tslidesToShow: 4,\r\n\t\t\t\t\t\t\t\tslidesToScroll: 1,  \r\n\t\t\t\t\t\t\t  }\r\n\t\t\t\t\t\t\t},\r\n\t\t\t\t\t\t\t{\r\n\t\t\t\t\t\t\t  breakpoint: 1025,\r\n\t\t\t\t\t\t\t  settings: {\r\n\t\t\t\t\t\t\t\tslidesToShow: 3,\r\n\t\t\t\t\t\t\t\tslidesToScroll: 1\r\n\t\t\t\t\t\t\t  }\r\n\t\t\t\t\t\t\t},\r\n\t\t\t\t\t\t\t{\r\n\t\t\t\t\t\t\t  breakpoint: 760,\r\n\t\t\t\t\t\t\t  settings: {\r\n\t\t\t\t\t\t\t\tslidesToShow: 1,\r\n\t\t\t\t\t\t\t\tslidesToScroll: 1\r\n\t\t\t\t\t\t\t  }\r\n\t\t\t\t\t\t\t}\r\n\t\t\t\t\t\t],pauseOnDotsHover: true,customPaging: function(slider, i) {\r\n                   return '<i type=\"button\" style= \"color:#333333;\" class=\"ultsl-record\" data-role=\"none\"><\/i>';\r\n                },});\r\n\t\t\t\t\t}\r\n\t\t\t\t});\r\n\t\t\t<\/script>\r\n\t\t\t<\/div><\/div><\/div><\/div><\/section>\n","protected":false},"excerpt":{"rendered":"TRISOMY\u00a0Teljes teszt +Ciszt\u00e1s fibr\u00f3zis A tesztr\u0151l A TRISOMY Teljes teszt\u00a0+Ciszt\u00e1s fibr\u00f3zis &#8211; egy kieg\u00e9sz\u00edt\u0151 vizsg\u00e1lat, amely a TRISOMY Teljes teszt mell\u00e9 rendelhet\u0151. Ez egy kiterjesztett vizsg\u00e1lat a CFTR g\u00e9n leggyakoribb F508del mut\u00e1ci\u00f3j\u00e1nak kimutat\u00e1s\u00e1ra, amely a ciszt\u00e1s fibr\u00f3zist okozza, amely az egyik leggyakoribb s\u00falyos \u00f6r\u00f6kletes betegs\u00e9g. A vizsg\u00e1lat megrendel\u00e9se el\u0151tt meg kell ismerni az aktu\u00e1lis Genetikai...","protected":false},"author":1,"featured_media":0,"parent":0,"menu_order":0,"comment_status":"closed","ping_status":"closed","template":"","meta":{"inline_featured_image":false,"footnotes":""},"class_list":["post-2851","page","type-page","status-publish","hentry"],"acf":[],"_links":{"self":[{"href":"https:\/\/trisomytest.sk\/hu\/wp-json\/wp\/v2\/pages\/2851","targetHints":{"allow":["GET"]}}],"collection":[{"href":"https:\/\/trisomytest.sk\/hu\/wp-json\/wp\/v2\/pages"}],"about":[{"href":"https:\/\/trisomytest.sk\/hu\/wp-json\/wp\/v2\/types\/page"}],"author":[{"embeddable":true,"href":"https:\/\/trisomytest.sk\/hu\/wp-json\/wp\/v2\/users\/1"}],"replies":[{"embeddable":true,"href":"https:\/\/trisomytest.sk\/hu\/wp-json\/wp\/v2\/comments?post=2851"}],"version-history":[{"count":0,"href":"https:\/\/trisomytest.sk\/hu\/wp-json\/wp\/v2\/pages\/2851\/revisions"}],"wp:attachment":[{"href":"https:\/\/trisomytest.sk\/hu\/wp-json\/wp\/v2\/media?parent=2851"}],"curies":[{"name":"wp","href":"https:\/\/api.w.org\/{rel}","templated":true}]}}